{"id":1106,"date":"2015-05-26T13:46:03","date_gmt":"2015-05-26T11:46:03","guid":{"rendered":"https:\/\/www.terroir.sk\/sjvs\/\/?page_id=1106"},"modified":"2018-12-05T09:38:50","modified_gmt":"2018-12-05T08:38:50","slug":"vinocentrum","status":"publish","type":"page","link":"https:\/\/www.terroir.sk\/sjvs\/en\/vinocentrum\/","title":{"rendered":"ViNOCENTRUM"},"content":{"rendered":"<p><a href=\"https:\/\/www.terroir.sk\/sjvs\/\/wp-content\/uploads\/2011\/11\/ViNOCENTRUM.jpg\"><img loading=\"lazy\" decoding=\"async\" class=\"alignleft size-thumbnail wp-image-858\" src=\"https:\/\/www.terroir.sk\/sjvs\/\/wp-content\/uploads\/2011\/11\/ViNOCENTRUM-150x150.jpg\" alt=\"ViNOCENTRUM\" width=\"150\" height=\"150\" \/><\/a>V\u00e4\u010d\u0161inu sv\u00e4tojursk\u00fdch v\u00edn pon\u00faka na ochutn\u00e1vku a predaj ViNOCENTRUM. Je to unik\u00e1tna vinot\u00e9ka, kde s\u00fa s\u00fastreden\u00e9 v\u00edna sv\u00e4tojursk\u00fdch vin\u00e1rov, zap\u00e1jaj\u00facich sa do podujat\u00ed na Malokarpatskej v\u00ednnej ceste. Jedn\u00fdm z hlavn\u00fdch cie\u013eov je podpora a propag\u00e1cia sv\u00e4tojursk\u00e9ho vinohradn\u00edctva a vin\u00e1rstva v \u00fazkej spolupr\u00e1ci so Sv\u00e4tojursk\u00fdm vinohradn\u00edckym spolkom, mestom Sv\u00e4t\u00fd Jur a zdru\u017een\u00edm Malokarpatsk\u00e1 v\u00ednna cesta. Ide o ak\u00e9si \u201ev\u00ednne infocentrum\u201c s mo\u017enos\u0165ou degust\u00e1cie vybran\u00fdch sv\u00e4tojursk\u00fdch v\u00edn.<\/p>\n<p><a href=\"https:\/\/www.terroir.sk\/sjvs\/wp-content\/uploads\/2018\/12\/vinocentrum.jpg\"><img loading=\"lazy\" decoding=\"async\" class=\"aligncenter size-full wp-image-1592\" src=\"https:\/\/www.terroir.sk\/sjvs\/wp-content\/uploads\/2018\/12\/vinocentrum.jpg\" alt=\"\" width=\"1200\" height=\"900\" srcset=\"https:\/\/www.terroir.sk\/sjvs\/wp-content\/uploads\/2018\/12\/vinocentrum.jpg 1200w, https:\/\/www.terroir.sk\/sjvs\/wp-content\/uploads\/2018\/12\/vinocentrum-300x225.jpg 300w, https:\/\/www.terroir.sk\/sjvs\/wp-content\/uploads\/2018\/12\/vinocentrum-768x576.jpg 768w, https:\/\/www.terroir.sk\/sjvs\/wp-content\/uploads\/2018\/12\/vinocentrum-1024x768.jpg 1024w, https:\/\/www.terroir.sk\/sjvs\/wp-content\/uploads\/2018\/12\/vinocentrum-676x507.jpg 676w\" sizes=\"auto, (max-width: 1200px) 100vw, 1200px\" \/><\/a><\/p>\n<p>Otvoren\u00e9: pondelok &#8211; piatok 17 &#8211; 21 h, sobota 13 &#8211; 21 h, nede\u013ea 13 &#8211; 19 h<\/p>\n<p>Viac na <a href=\"http:\/\/vinocentrum.sk\/svatyjur\/\" target=\"_blank\" rel=\"noopener\">www.vinocentrum.sk\/svatyjur<\/a><\/p>","protected":false},"excerpt":{"rendered":"<p>V\u00e4\u010d\u0161inu sv\u00e4tojursk\u00fdch v\u00edn pon\u00faka na ochutn\u00e1vku a predaj ViNOCENTRUM. Je to unik\u00e1tna vinot\u00e9ka, kde s\u00fa s\u00fastreden\u00e9 v\u00edna sv\u00e4tojursk\u00fdch vin\u00e1rov, zap\u00e1jaj\u00facich sa do podujat\u00ed na Malokarpatskej v\u00ednnej ceste. Jedn\u00fdm z hlavn\u00fdch cie\u013eov je podpora a propag\u00e1cia sv\u00e4tojursk\u00e9ho vinohradn\u00edctva a vin\u00e1rstva v \u00fazkej spolupr\u00e1ci so Sv\u00e4tojursk\u00fdm vinohradn\u00edckym spolkom, mestom Sv\u00e4t\u00fd Jur a zdru\u017een\u00edm Malokarpatsk\u00e1 v\u00ednna cesta. Ide [&hellip;]<\/p>\n","protected":false},"author":1,"featured_media":0,"parent":0,"menu_order":0,"comment_status":"closed","ping_status":"closed","template":"","meta":{"footnotes":""},"class_list":["post-1106","page","type-page","status-publish","hentry","post-preview"],"_links":{"self":[{"href":"https:\/\/www.terroir.sk\/sjvs\/en\/wp-json\/wp\/v2\/pages\/1106","targetHints":{"allow":["GET"]}}],"collection":[{"href":"https:\/\/www.terroir.sk\/sjvs\/en\/wp-json\/wp\/v2\/pages"}],"about":[{"href":"https:\/\/www.terroir.sk\/sjvs\/en\/wp-json\/wp\/v2\/types\/page"}],"author":[{"embeddable":true,"href":"https:\/\/www.terroir.sk\/sjvs\/en\/wp-json\/wp\/v2\/users\/1"}],"replies":[{"embeddable":true,"href":"https:\/\/www.terroir.sk\/sjvs\/en\/wp-json\/wp\/v2\/comments?post=1106"}],"version-history":[{"count":8,"href":"https:\/\/www.terroir.sk\/sjvs\/en\/wp-json\/wp\/v2\/pages\/1106\/revisions"}],"predecessor-version":[{"id":1593,"href":"https:\/\/www.terroir.sk\/sjvs\/en\/wp-json\/wp\/v2\/pages\/1106\/revisions\/1593"}],"wp:attachment":[{"href":"https:\/\/www.terroir.sk\/sjvs\/en\/wp-json\/wp\/v2\/media?parent=1106"}],"curies":[{"name":"wp","href":"https:\/\/api.w.org\/{rel}","templated":true}]}}