{"id":15,"date":"2011-01-11T10:31:39","date_gmt":"2011-01-11T09:31:39","guid":{"rendered":"https:\/\/www.terroir.sk\/sjvs\/\/?page_id=15"},"modified":"2015-05-26T14:33:23","modified_gmt":"2015-05-26T12:33:23","slug":"svatojursky-terroir","status":"publish","type":"page","link":"https:\/\/www.terroir.sk\/sjvs\/en\/svatojursky-terroir\/","title":{"rendered":"Krajina"},"content":{"rendered":"<p><strong>&#8222;Terroir&#8220;<\/strong> p\u00f4vodne vo Franc\u00fazsku ozna\u010doval geografick\u00fa jedine\u010dnos\u0165 v\u00edna, k\u00e1vy a \u010daju. Tento pojem sa st\u00e1ro\u010dia vyv\u00edjal na z\u00e1klade pozorovan\u00ed odli\u0161nost\u00ed v\u00edn, \u010dasto aj v\u00a0r\u00e1mci jednej vinice. A tak sa vykry\u0161talizoval &#8222;terroir&#8220; ako sp\u00f4sob opisu jedine\u010dnosti lokality, ktor\u00e1 ovplyv\u0148uje a utv\u00e1ra miestne v\u00edno.<\/p>\n<p><strong><a href=\"https:\/\/www.terroir.sk\/sjvs\/\/wp-content\/uploads\/2011\/01\/jursky-chotar-sm.jpg\"><img loading=\"lazy\" decoding=\"async\" class=\"alignleft wp-image-1126 size-thumbnail\" src=\"https:\/\/www.terroir.sk\/sjvs\/\/wp-content\/uploads\/2011\/01\/jursky-chotar-sm-150x150.jpg\" alt=\"\" width=\"150\" height=\"150\" \/><\/a>Sv\u00e4tojursk\u00fd chot\u00e1r<\/strong> je jedn\u00fdm z\u00a0najzachovalej\u0161\u00edch celkov p\u00f4vodnej kult\u00farnej krajiny na Slovensku. Je\u00a0to v\u010faka strm\u00fdm svahom s\u00a0mal\u00fdmi terasovit\u00fdmi vinicami, ktor\u00e9 nebolo mo\u017en\u00e9 spoji\u0165 do ve\u013ek\u00fdch celkov, ako napr\u00edklad v\u00a0Pezinku \u010di Modre.<\/p>\n<p><a href=\"https:\/\/www.terroir.sk\/sjvs\/\/wp-content\/uploads\/2011\/01\/pegmatitova_zila_v_granite.jpg\"><img loading=\"lazy\" decoding=\"async\" class=\"alignleft wp-image-210 size-thumbnail\" src=\"https:\/\/www.terroir.sk\/sjvs\/\/wp-content\/uploads\/2011\/01\/pegmatitova_zila_v_granite-150x150.jpg\" alt=\"Pegmatitov\u00e9 \u017eily v granite\" width=\"150\" height=\"150\" \/><\/a><\/p>\n<p><strong>Geol\u00f3gia sv\u00e4tojurskej krajiny<\/strong> poskytuje ide\u00e1lne podmienky pre pestovanie vini\u010da. Okrem priaznivej orient\u00e1cie str\u00e1n\u00ed s\u00a0dostatkom slne\u010dn\u00e9ho \u017eiarenia s\u00fa to \u013eahk\u00e9 a\u017e stredne \u0165a\u017ek\u00e9 hnedozeme, vyvinut\u00e9 na \u017eulovom podlo\u017e\u00ed. Klimatick\u00e9 podmienky s\u00fa vhodn\u00e9 obzvl\u00e1\u0161\u0165 na pestovanie bielych mu\u0161tov\u00fdch odr\u00f4d.<\/p>","protected":false},"excerpt":{"rendered":"<p>&#8222;Terroir&#8220; p\u00f4vodne vo Franc\u00fazsku ozna\u010doval geografick\u00fa jedine\u010dnos\u0165 v\u00edna, k\u00e1vy a \u010daju. Tento pojem sa st\u00e1ro\u010dia vyv\u00edjal na z\u00e1klade pozorovan\u00ed odli\u0161nost\u00ed v\u00edn, \u010dasto aj v\u00a0r\u00e1mci jednej vinice. A tak sa vykry\u0161talizoval &#8222;terroir&#8220; ako sp\u00f4sob opisu jedine\u010dnosti lokality, ktor\u00e1 ovplyv\u0148uje a utv\u00e1ra miestne v\u00edno. Sv\u00e4tojursk\u00fd chot\u00e1r je jedn\u00fdm z\u00a0najzachovalej\u0161\u00edch celkov p\u00f4vodnej kult\u00farnej krajiny na Slovensku. Je\u00a0to v\u010faka [&hellip;]<\/p>\n","protected":false},"author":1,"featured_media":0,"parent":0,"menu_order":1,"comment_status":"closed","ping_status":"closed","template":"","meta":{"footnotes":""},"class_list":["post-15","page","type-page","status-publish","hentry","post-preview"],"_links":{"self":[{"href":"https:\/\/www.terroir.sk\/sjvs\/en\/wp-json\/wp\/v2\/pages\/15","targetHints":{"allow":["GET"]}}],"collection":[{"href":"https:\/\/www.terroir.sk\/sjvs\/en\/wp-json\/wp\/v2\/pages"}],"about":[{"href":"https:\/\/www.terroir.sk\/sjvs\/en\/wp-json\/wp\/v2\/types\/page"}],"author":[{"embeddable":true,"href":"https:\/\/www.terroir.sk\/sjvs\/en\/wp-json\/wp\/v2\/users\/1"}],"replies":[{"embeddable":true,"href":"https:\/\/www.terroir.sk\/sjvs\/en\/wp-json\/wp\/v2\/comments?post=15"}],"version-history":[{"count":31,"href":"https:\/\/www.terroir.sk\/sjvs\/en\/wp-json\/wp\/v2\/pages\/15\/revisions"}],"predecessor-version":[{"id":1129,"href":"https:\/\/www.terroir.sk\/sjvs\/en\/wp-json\/wp\/v2\/pages\/15\/revisions\/1129"}],"wp:attachment":[{"href":"https:\/\/www.terroir.sk\/sjvs\/en\/wp-json\/wp\/v2\/media?parent=15"}],"curies":[{"name":"wp","href":"https:\/\/api.w.org\/{rel}","templated":true}]}}