{"id":1618,"date":"2019-02-07T11:40:39","date_gmt":"2019-02-07T10:40:39","guid":{"rendered":"https:\/\/www.terroir.sk\/sjvs\/?page_id=1618"},"modified":"2019-04-05T09:00:45","modified_gmt":"2019-04-05T07:00:45","slug":"sen-noci-svatojurskej","status":"publish","type":"page","link":"https:\/\/www.terroir.sk\/sjvs\/en\/podujatia\/sen-noci-svatojurskej\/","title":{"rendered":"Sen noci sv\u00e4tojurskej"},"content":{"rendered":"<p><img loading=\"lazy\" decoding=\"async\" class=\"alignleft size-thumbnail wp-image-1660\" src=\"https:\/\/www.terroir.sk\/sjvs\/wp-content\/uploads\/2019\/02\/sen_logo-150x150.jpg\" alt=\"\" width=\"150\" height=\"150\" \/><\/p>\n<p>Sv\u00e4toj\u00e1nska noc vo vinohradoch, to s\u00fa sv\u00e4tojursk\u00ed vin\u00e1ri a ich v\u00edna, vatra, skvel\u00e9 kapely a ich muzi\u010dka a\u017e do r\u00e1na bieleho. Na prvom ro\u010dn\u00edku 2018 zahrali Orchester Worchester, Ragtime jazzband, Mari\u00e1n Luck\u00fd, Le Payaco, Karpatsk\u00e9 Hork\u00e9, Aquamarin, Boleslav Bo\u0161ka a Crystals.<\/p>\n<p>Po nezabudnute\u013enej sobotnej noci a nede\u013enom r\u00e1ne sme sa prebudili zo Sna noci sv\u00e4tojurskej&#8230; Podujatie tak\u00e9hoto typu a rozsahu sme si vysk\u00fa\u0161ali v roku 2018 zorganizova\u0165 po prv\u00fd raz. Pracovali sme na \u0148om takmer od za\u010diatku roka a treba prizna\u0165, \u017ee a\u017e do poslednej chv\u00edle sme nemali istotu, ako to cel\u00e9 dopadne. Dnes sa v\u0161ak u\u017e m\u00f4\u017eeme te\u0161i\u0165 z toho, \u017ee Sen noci sv\u00e4tojurskej bol pocten\u00fd neo\u010da<span class=\"text_exposed_show\">k\u00e1vane vysokou n\u00e1v\u0161tevnos\u0165ou a obrovskou prevahou pozit\u00edvnych ohlasov od n\u00e1v\u0161tevn\u00edkov. Pod\u013ea skromn\u00fdch odhadov vinohrad Geln\u00e1r za Sv. Jurom nav\u0161t\u00edvilo vy\u0161e 1000 \u013eud\u00ed najr\u00f4znej\u0161\u00edch vekov\u00fdch kateg\u00f3ri\u00ed a to nielen zo Sv\u00e4t\u00e9ho Jura, ale i z jeho \u0161irok\u00e9ho okolia. Touto cestou chceme vyjadri\u0165 ve\u013ek\u00e9 po\u010fakovanie v\u0161etk\u00fdm, ktor\u00ed n\u00e1m pri pr\u00edprav\u00e1ch ak\u00fdmko\u013evek sp\u00f4sobom pomohli.\u00a0Podujatie finan\u010dne podporili Mesto Sv\u00e4t\u00fd Jur, Ministerstvo dopravy a\u00a0rozvoja SR a\u00a0oblastn\u00e1 organiz\u00e1cia cestovn\u00e9ho ruchu Mal\u00e9 Karpaty.<\/span><\/p>","protected":false},"excerpt":{"rendered":"<p>Sv\u00e4toj\u00e1nska noc vo vinohradoch, to s\u00fa sv\u00e4tojursk\u00ed vin\u00e1ri a ich v\u00edna, vatra, skvel\u00e9 kapely a ich muzi\u010dka a\u017e do r\u00e1na bieleho. Na prvom ro\u010dn\u00edku 2018 zahrali Orchester Worchester, Ragtime jazzband, Mari\u00e1n Luck\u00fd, Le Payaco, Karpatsk\u00e9 Hork\u00e9, Aquamarin, Boleslav Bo\u0161ka a Crystals. Po nezabudnute\u013enej sobotnej noci a nede\u013enom r\u00e1ne sme sa prebudili zo Sna noci sv\u00e4tojurskej&#8230; [&hellip;]<\/p>\n","protected":false},"author":1,"featured_media":0,"parent":18,"menu_order":0,"comment_status":"closed","ping_status":"closed","template":"","meta":{"footnotes":""},"class_list":["post-1618","page","type-page","status-publish","hentry","post-preview"],"_links":{"self":[{"href":"https:\/\/www.terroir.sk\/sjvs\/en\/wp-json\/wp\/v2\/pages\/1618","targetHints":{"allow":["GET"]}}],"collection":[{"href":"https:\/\/www.terroir.sk\/sjvs\/en\/wp-json\/wp\/v2\/pages"}],"about":[{"href":"https:\/\/www.terroir.sk\/sjvs\/en\/wp-json\/wp\/v2\/types\/page"}],"author":[{"embeddable":true,"href":"https:\/\/www.terroir.sk\/sjvs\/en\/wp-json\/wp\/v2\/users\/1"}],"replies":[{"embeddable":true,"href":"https:\/\/www.terroir.sk\/sjvs\/en\/wp-json\/wp\/v2\/comments?post=1618"}],"version-history":[{"count":7,"href":"https:\/\/www.terroir.sk\/sjvs\/en\/wp-json\/wp\/v2\/pages\/1618\/revisions"}],"predecessor-version":[{"id":1723,"href":"https:\/\/www.terroir.sk\/sjvs\/en\/wp-json\/wp\/v2\/pages\/1618\/revisions\/1723"}],"up":[{"embeddable":true,"href":"https:\/\/www.terroir.sk\/sjvs\/en\/wp-json\/wp\/v2\/pages\/18"}],"wp:attachment":[{"href":"https:\/\/www.terroir.sk\/sjvs\/en\/wp-json\/wp\/v2\/media?parent=1618"}],"curies":[{"name":"wp","href":"https:\/\/api.w.org\/{rel}","templated":true}]}}