{"id":162,"date":"2011-01-13T23:18:01","date_gmt":"2011-01-13T22:18:01","guid":{"rendered":"https:\/\/www.terroir.sk\/sjvs\/\/?page_id=162"},"modified":"2019-02-07T13:02:38","modified_gmt":"2019-02-07T12:02:38","slug":"otvorene-pivnice-na-sv-urbana","status":"publish","type":"page","link":"https:\/\/www.terroir.sk\/sjvs\/en\/podujatia\/otvorene-pivnice-na-sv-urbana\/","title":{"rendered":"Otvoren\u00e9 pivnice na Sv. Urbana\u00ae MVC"},"content":{"rendered":"<p><img loading=\"lazy\" decoding=\"async\" class=\"alignleft size-thumbnail wp-image-1651\" src=\"https:\/\/www.terroir.sk\/sjvs\/wp-content\/uploads\/2019\/02\/SAM_9213-150x150.jpg\" alt=\"\" width=\"150\" height=\"150\" \/>Po mimoriadnom \u00faspechu VII. ro\u010dn\u00edka D\u0148a otvoren\u00fdch pivn\u00edc (2006) sa organiz\u00e1tori <a href=\"http:\/\/mvc.sk\" target=\"_blank\" rel=\"noopener\">Malokarpatsk\u00e1 v\u00ednna cesta<\/a> v spolupr\u00e1ci s <a href=\"http:\/\/www.moska.sk\" target=\"_blank\" rel=\"noopener\">Malokarpatsk\u00fdm osvetov\u00fdm strediskom<\/a> rozhodli zorganizova\u0165 toto podujatie dvakr\u00e1t ro\u010dne a ten druh\u00fd d\u00e1tum ur\u010dili na 26. m\u00e1j. Teda na sviatok sv. Urbana, ktor\u00fd je ochrancom a patr\u00f3nom vinohradov a vinohradn\u00edkov. Dnes sv\u00e4tojursk\u00ed vin\u00e1ri otv\u00e1raj\u00fa takmer 30 pivn\u00edc.<\/p>\n<p>Sledujte <a href=\"https:\/\/www.terroir.sk\/sjvs\/en\/\" target=\"_self\">Aktuality<\/a><\/p>","protected":false},"excerpt":{"rendered":"<p>Po mimoriadnom \u00faspechu VII. ro\u010dn\u00edka D\u0148a otvoren\u00fdch pivn\u00edc (2006) sa organiz\u00e1tori Malokarpatsk\u00e1 v\u00ednna cesta v spolupr\u00e1ci s Malokarpatsk\u00fdm osvetov\u00fdm strediskom rozhodli zorganizova\u0165 toto podujatie dvakr\u00e1t ro\u010dne a ten druh\u00fd d\u00e1tum ur\u010dili na 26. m\u00e1j. Teda na sviatok sv. Urbana, ktor\u00fd je ochrancom a patr\u00f3nom vinohradov a vinohradn\u00edkov. Dnes sv\u00e4tojursk\u00ed vin\u00e1ri otv\u00e1raj\u00fa takmer 30 pivn\u00edc. Sledujte [&hellip;]<\/p>\n","protected":false},"author":1,"featured_media":0,"parent":18,"menu_order":0,"comment_status":"closed","ping_status":"closed","template":"","meta":{"footnotes":""},"class_list":["post-162","page","type-page","status-publish","hentry","post-preview"],"_links":{"self":[{"href":"https:\/\/www.terroir.sk\/sjvs\/en\/wp-json\/wp\/v2\/pages\/162","targetHints":{"allow":["GET"]}}],"collection":[{"href":"https:\/\/www.terroir.sk\/sjvs\/en\/wp-json\/wp\/v2\/pages"}],"about":[{"href":"https:\/\/www.terroir.sk\/sjvs\/en\/wp-json\/wp\/v2\/types\/page"}],"author":[{"embeddable":true,"href":"https:\/\/www.terroir.sk\/sjvs\/en\/wp-json\/wp\/v2\/users\/1"}],"replies":[{"embeddable":true,"href":"https:\/\/www.terroir.sk\/sjvs\/en\/wp-json\/wp\/v2\/comments?post=162"}],"version-history":[{"count":9,"href":"https:\/\/www.terroir.sk\/sjvs\/en\/wp-json\/wp\/v2\/pages\/162\/revisions"}],"predecessor-version":[{"id":1669,"href":"https:\/\/www.terroir.sk\/sjvs\/en\/wp-json\/wp\/v2\/pages\/162\/revisions\/1669"}],"up":[{"embeddable":true,"href":"https:\/\/www.terroir.sk\/sjvs\/en\/wp-json\/wp\/v2\/pages\/18"}],"wp:attachment":[{"href":"https:\/\/www.terroir.sk\/sjvs\/en\/wp-json\/wp\/v2\/media?parent=162"}],"curies":[{"name":"wp","href":"https:\/\/api.w.org\/{rel}","templated":true}]}}