{"id":26,"date":"2011-01-11T10:40:39","date_gmt":"2011-01-11T10:40:39","guid":{"rendered":"https:\/\/www.terroir.sk\/sjvs\/\/?page_id=26"},"modified":"2022-11-29T12:48:15","modified_gmt":"2022-11-29T11:48:15","slug":"den-svatojurskych-pivnic","status":"publish","type":"page","link":"https:\/\/www.terroir.sk\/sjvs\/en\/podujatia\/den-svatojurskych-pivnic\/","title":{"rendered":"De\u0148 sv\u00e4tojursk\u00fdch pivn\u00edc"},"content":{"rendered":"<div class=\"wp-block-image\">\n<figure class=\"alignleft\"><img loading=\"lazy\" decoding=\"async\" width=\"150\" height=\"150\" src=\"https:\/\/www.terroir.sk\/sjvs\/wp-content\/uploads\/2019\/02\/DSP_web-150x150.jpg\" alt=\"\" class=\"wp-image-1665\"\/><\/figure>\n<\/div>\n\n\n<p>V roku 2008 spolok prv\u00fdkr\u00e1t zorganizoval De\u0148 sv\u00e4tojursk\u00fdch pivn\u00edc. Na za\u010diatku febru\u00e1ra prezentovalo svoje v\u00edna 15 vin\u00e1rov v 9 pivniciach. \u00davodn\u00e9ho ro\u010dn\u00edka sa z\u00fa\u010dastnilo viac ako 400 n\u00e1v\u0161tevn\u00edkov, \u010do sved\u010d\u00ed o mimoriadnom z\u00e1ujme \u0161irokej verejnosti o sv\u00e4tojursk\u00e9 v\u00edna. Druh\u00fd ro\u010dn\u00edk sa uskuto\u010dnil koncom janu\u00e1ra 2009. Po\u010det z\u00fa\u010dastnen\u00fdch vin\u00e1rov st\u00fapol na 22, rovnako aj po\u010det pivn\u00edc na 13. Podujatia sa z\u00fa\u010dastnili aj dvaja hos\u0165uj\u00faci vin\u00e1ri &#8211; Tokaj Macik Winery (Mal\u00e1 T\u0155\u0148a) a Weingut Pelzmann (Berg, Rak\u00fasko). Po\u010det n\u00e1v\u0161tevn\u00edkov st\u00fapol na 600. V s\u00fa\u010dasnosti otv\u00e1ra svoje pivnice na dva dni (piatok-sobota) vy\u0161e 30 sv\u00e4tojursk\u00fdch vin\u00e1rov a po\u010det v\u00ednomilcov sa bl\u00ed\u017ei k 2000.<\/p>\n\n\n\n<p>Sledujte <a href=\"https:\/\/www.terroir.sk\/sjvs\/en\/\" target=\"_self\" rel=\"noopener\">Aktuality<\/a><\/p>","protected":false},"excerpt":{"rendered":"<p>V roku 2008 spolok prv\u00fdkr\u00e1t zorganizoval De\u0148 sv\u00e4tojursk\u00fdch pivn\u00edc. Na za\u010diatku febru\u00e1ra prezentovalo svoje v\u00edna 15 vin\u00e1rov v 9 pivniciach. \u00davodn\u00e9ho ro\u010dn\u00edka sa z\u00fa\u010dastnilo viac ako 400 n\u00e1v\u0161tevn\u00edkov, \u010do sved\u010d\u00ed o mimoriadnom z\u00e1ujme \u0161irokej verejnosti o sv\u00e4tojursk\u00e9 v\u00edna. Druh\u00fd ro\u010dn\u00edk sa uskuto\u010dnil koncom janu\u00e1ra 2009. Po\u010det z\u00fa\u010dastnen\u00fdch vin\u00e1rov st\u00fapol na 22, rovnako aj po\u010det pivn\u00edc [&hellip;]<\/p>\n","protected":false},"author":1,"featured_media":0,"parent":18,"menu_order":1,"comment_status":"closed","ping_status":"closed","template":"","meta":{"footnotes":""},"class_list":["post-26","page","type-page","status-publish","hentry","post-preview"],"_links":{"self":[{"href":"https:\/\/www.terroir.sk\/sjvs\/en\/wp-json\/wp\/v2\/pages\/26","targetHints":{"allow":["GET"]}}],"collection":[{"href":"https:\/\/www.terroir.sk\/sjvs\/en\/wp-json\/wp\/v2\/pages"}],"about":[{"href":"https:\/\/www.terroir.sk\/sjvs\/en\/wp-json\/wp\/v2\/types\/page"}],"author":[{"embeddable":true,"href":"https:\/\/www.terroir.sk\/sjvs\/en\/wp-json\/wp\/v2\/users\/1"}],"replies":[{"embeddable":true,"href":"https:\/\/www.terroir.sk\/sjvs\/en\/wp-json\/wp\/v2\/comments?post=26"}],"version-history":[{"count":20,"href":"https:\/\/www.terroir.sk\/sjvs\/en\/wp-json\/wp\/v2\/pages\/26\/revisions"}],"predecessor-version":[{"id":2115,"href":"https:\/\/www.terroir.sk\/sjvs\/en\/wp-json\/wp\/v2\/pages\/26\/revisions\/2115"}],"up":[{"embeddable":true,"href":"https:\/\/www.terroir.sk\/sjvs\/en\/wp-json\/wp\/v2\/pages\/18"}],"wp:attachment":[{"href":"https:\/\/www.terroir.sk\/sjvs\/en\/wp-json\/wp\/v2\/media?parent=26"}],"curies":[{"name":"wp","href":"https:\/\/api.w.org\/{rel}","templated":true}]}}