{"id":41,"date":"2011-01-11T11:05:51","date_gmt":"2011-01-11T11:05:51","guid":{"rendered":"https:\/\/www.terroir.sk\/sjvs\/\/?page_id=41"},"modified":"2019-02-07T13:07:25","modified_gmt":"2019-02-07T12:07:25","slug":"den-vo-vinohradoch","status":"publish","type":"page","link":"https:\/\/www.terroir.sk\/sjvs\/en\/podujatia\/den-vo-vinohradoch\/","title":{"rendered":"De\u0148 vo vinohradoch"},"content":{"rendered":"<p><img loading=\"lazy\" decoding=\"async\" class=\"alignleft size-thumbnail wp-image-1671\" src=\"https:\/\/www.terroir.sk\/sjvs\/wp-content\/uploads\/2019\/02\/DSC02089-150x150.jpg\" alt=\"\" width=\"150\" height=\"150\" \/>Od roku 2009 organizuje zdru\u017eenie <a href=\"http:\/\/www.mvc.sk\" target=\"_blank\" rel=\"noopener\">Malokarpatsk\u00e1 v\u00ednna cesta<\/a> pre milovn\u00edkov dobr\u00e9ho v\u00edna v\u017edy v septembri De\u0148 vo vinohradoch, kde V\u00e1s malokarpatsk\u00ed vin\u00e1ri nepozv\u00fa do pivnice, ale do vin\u00edc, dvorov a z\u00e1hrad. Pr\u00e1ve v tento de\u0148 \u00a0m\u00e1te ojedinel\u00fa mo\u017enos\u0165 ochutna\u0165 v\u00edno a z\u00e1rove\u0148 hrozno, z ktor\u00e9ho bolo vyroben\u00e9. Spozn\u00e1te vinice Malokarpatsk\u00e9ho regi\u00f3nu Gelnar, Nov\u00e9 Hory, \u0160kridl\u00e1k, \u017dabky, Hundspalek, Fert\u00e1le, Ivetu a Zoyu&#8230;.<\/p>\n<p>Do tohto podujatia sa akt\u00edvne zap\u00e1jaj\u00fa aj \u010dlenovia Sv\u00e4tojursk\u00e9ho vinohrad\u00edckeho spolku. Putovanie sa za\u010d\u00edna vo Sv\u00e4tom Jure a pokra\u010duje cez Pezinok, Modru, \u0160enkvice, Vi\u0161tuk, Kr\u00e1lov\u00fa, Do\u013eany a Such\u00fa nad Parnou.<\/p>\n<p>Sledujte <a href=\"https:\/\/www.terroir.sk\/sjvs\/en\/\" target=\"_self\">Aktuality<\/a><\/p>","protected":false},"excerpt":{"rendered":"<p>Od roku 2009 organizuje zdru\u017eenie Malokarpatsk\u00e1 v\u00ednna cesta pre milovn\u00edkov dobr\u00e9ho v\u00edna v\u017edy v septembri De\u0148 vo vinohradoch, kde V\u00e1s malokarpatsk\u00ed vin\u00e1ri nepozv\u00fa do pivnice, ale do vin\u00edc, dvorov a z\u00e1hrad. Pr\u00e1ve v tento de\u0148 \u00a0m\u00e1te ojedinel\u00fa mo\u017enos\u0165 ochutna\u0165 v\u00edno a z\u00e1rove\u0148 hrozno, z ktor\u00e9ho bolo vyroben\u00e9. Spozn\u00e1te vinice Malokarpatsk\u00e9ho regi\u00f3nu Gelnar, Nov\u00e9 Hory, \u0160kridl\u00e1k, [&hellip;]<\/p>\n","protected":false},"author":1,"featured_media":0,"parent":18,"menu_order":3,"comment_status":"closed","ping_status":"closed","template":"","meta":{"footnotes":""},"class_list":["post-41","page","type-page","status-publish","hentry","post-preview"],"_links":{"self":[{"href":"https:\/\/www.terroir.sk\/sjvs\/en\/wp-json\/wp\/v2\/pages\/41","targetHints":{"allow":["GET"]}}],"collection":[{"href":"https:\/\/www.terroir.sk\/sjvs\/en\/wp-json\/wp\/v2\/pages"}],"about":[{"href":"https:\/\/www.terroir.sk\/sjvs\/en\/wp-json\/wp\/v2\/types\/page"}],"author":[{"embeddable":true,"href":"https:\/\/www.terroir.sk\/sjvs\/en\/wp-json\/wp\/v2\/users\/1"}],"replies":[{"embeddable":true,"href":"https:\/\/www.terroir.sk\/sjvs\/en\/wp-json\/wp\/v2\/comments?post=41"}],"version-history":[{"count":9,"href":"https:\/\/www.terroir.sk\/sjvs\/en\/wp-json\/wp\/v2\/pages\/41\/revisions"}],"predecessor-version":[{"id":1672,"href":"https:\/\/www.terroir.sk\/sjvs\/en\/wp-json\/wp\/v2\/pages\/41\/revisions\/1672"}],"up":[{"embeddable":true,"href":"https:\/\/www.terroir.sk\/sjvs\/en\/wp-json\/wp\/v2\/pages\/18"}],"wp:attachment":[{"href":"https:\/\/www.terroir.sk\/sjvs\/en\/wp-json\/wp\/v2\/media?parent=41"}],"curies":[{"name":"wp","href":"https:\/\/api.w.org\/{rel}","templated":true}]}}