{"id":864,"date":"2014-03-14T20:47:23","date_gmt":"2014-03-14T19:47:23","guid":{"rendered":"https:\/\/www.terroir.sk\/sjvs\/\/"},"modified":"2021-08-09T23:11:41","modified_gmt":"2021-08-09T21:11:41","slug":"skanzen","status":"publish","type":"page","link":"https:\/\/www.terroir.sk\/sjvs\/en\/skanzen\/","title":{"rendered":"SKANZEN"},"content":{"rendered":"<p><img loading=\"lazy\" decoding=\"async\" class=\"alignleft wp-image-1828\" src=\"https:\/\/www.terroir.sk\/sjvs\/wp-content\/uploads\/2021\/08\/skanzen-logo-2021-150x150.jpg\" alt=\"\" width=\"200\" height=\"126\" srcset=\"https:\/\/www.terroir.sk\/sjvs\/wp-content\/uploads\/2021\/08\/skanzen-logo-2021-300x189.jpg 300w, https:\/\/www.terroir.sk\/sjvs\/wp-content\/uploads\/2021\/08\/skanzen-logo-2021-1024x646.jpg 1024w, https:\/\/www.terroir.sk\/sjvs\/wp-content\/uploads\/2021\/08\/skanzen-logo-2021-768x485.jpg 768w, https:\/\/www.terroir.sk\/sjvs\/wp-content\/uploads\/2021\/08\/skanzen-logo-2021-1536x969.jpg 1536w, https:\/\/www.terroir.sk\/sjvs\/wp-content\/uploads\/2021\/08\/skanzen-logo-2021-2048x1292.jpg 2048w, https:\/\/www.terroir.sk\/sjvs\/wp-content\/uploads\/2021\/08\/skanzen-logo-2021-676x427.jpg 676w\" sizes=\"auto, (max-width: 200px) 100vw, 200px\" \/><strong><a href=\"https:\/\/www.terroir.sk\/sjvs\/en\/vinari-v-skanzene\/\" target=\"_blank\" rel=\"noopener\">DEGUST\u00c1CIE V SKANZENE<\/a><\/strong><\/p>\n<p>Sv\u00e4tojursk\u00fd vinohradn\u00edcky spolok v spolupr\u00e1ci s Academia Istropolitana Nova a Mestom Sv\u00e4t\u00fd Jur v roku 2011 za\u010dal s realiz\u00e1ciou projektu VINOHRADN\u00cdCKY SKANZEN. Po vy\u0161e dvojro\u010dnom h\u013eadan\u00ed vhodn\u00e9ho pozemku sme nakoniec na\u0161li miesto, ktor\u00e9 sp\u013a\u0148a v\u00e4\u010d\u0161inu po\u017eadovan\u00fdch krit\u00e9ri\u00ed: pr\u00edtomnos\u0165 historick\u00fdch vinohradn\u00edckych prvkov (r\u00fany, stienky, b\u00fady a pod.), \u013eahk\u00e1 dostupnos\u0165 z centra mesta (autom, pe\u0161o), v\u00fdh\u013ead na mesto a \u0161ir\u0161ie okolie.<\/p>\n<p>Pozemok ve\u013ekosti cca 18 \u00e1rov sa nach\u00e1dza v lokalite Panciere nad Bratislavsk\u00fdmi z\u00e1humenicami. Je ve\u013emi \u010dlenit\u00fd, \u010diasto\u010dne skalnat\u00fd, porasten\u00fd n\u00e1letov\u00fdmi drevinami a kr\u00edkmi.<\/p>\n<p>Dostupn\u00fd je pe\u0161o (cca 10 min\u00fat z Letohradskej ulice) alebo autom po panelovej ceste z Bratislavsk\u00fdch z\u00e1humen\u00edc.<\/p>\n<p>V s\u00fa\u010dasnosti je cel\u00fd pozemok zrevitalizovan\u00fd, vybudovan\u00e9 chodn\u00edky, vysaden\u00fd vini\u010d na kolovom veden\u00ed a postupne tu vytv\u00e1rame miesto na oddych, ochutn\u00e1vky v\u00edna, spozn\u00e1vanie hist\u00f3rie a pr\u00edrodn\u00fdch zauj\u00edmavost\u00ed sv\u00e4tojurskej krajiny. Projekt realizujeme svojpomocne, ale aj za hojnej \u00fa\u010dasti dobrovo\u013en\u00edkov v r\u00e1mci projektu firemn\u00e9ho dobrovo\u013en\u00edctva &#8222;Na\u0161e mesto&#8220;. V rokoch 2016 a 2017 sme na realiz\u00e1ciu projektu z\u00edskali finan\u010dn\u00fa podporu z Bratislavskej region\u00e1lnej dota\u010dnej sch\u00e9my na podporu turizmu <strong>Bratislavsk\u00e9ho samospr\u00e1vneho kraja<\/strong>.<\/p>\n<p>V roku 2018 mesto Sv\u00e4t\u00fd Jur vybudovalo v skanzene vyhliadku.<\/p>\n<p><a href=\"https:\/\/www.terroir.sk\/sjvs\/wp-content\/uploads\/2019\/02\/IMG_20181021_153614.jpg\"><img loading=\"lazy\" decoding=\"async\" class=\"alignleft wp-image-1677 size-thumbnail\" src=\"https:\/\/www.terroir.sk\/sjvs\/wp-content\/uploads\/2019\/02\/IMG_20181021_153614-150x150.jpg\" alt=\"\" width=\"150\" height=\"150\" srcset=\"https:\/\/www.terroir.sk\/sjvs\/wp-content\/uploads\/2019\/02\/IMG_20181021_153614-150x150.jpg 150w, https:\/\/www.terroir.sk\/sjvs\/wp-content\/uploads\/2019\/02\/IMG_20181021_153614-300x300.jpg 300w, https:\/\/www.terroir.sk\/sjvs\/wp-content\/uploads\/2019\/02\/IMG_20181021_153614-768x768.jpg 768w, https:\/\/www.terroir.sk\/sjvs\/wp-content\/uploads\/2019\/02\/IMG_20181021_153614-1024x1024.jpg 1024w, https:\/\/www.terroir.sk\/sjvs\/wp-content\/uploads\/2019\/02\/IMG_20181021_153614-676x676.jpg 676w\" sizes=\"auto, (max-width: 150px) 100vw, 150px\" \/><\/a><a href=\"https:\/\/www.terroir.sk\/sjvs\/wp-content\/uploads\/2019\/02\/IMG_20181021_154337_hdr.jpg\"><img loading=\"lazy\" decoding=\"async\" class=\"alignleft wp-image-1676 size-thumbnail\" src=\"https:\/\/www.terroir.sk\/sjvs\/wp-content\/uploads\/2019\/02\/IMG_20181021_154337_hdr-150x150.jpg\" alt=\"\" width=\"150\" height=\"150\" srcset=\"https:\/\/www.terroir.sk\/sjvs\/wp-content\/uploads\/2019\/02\/IMG_20181021_154337_hdr-150x150.jpg 150w, https:\/\/www.terroir.sk\/sjvs\/wp-content\/uploads\/2019\/02\/IMG_20181021_154337_hdr-300x300.jpg 300w, https:\/\/www.terroir.sk\/sjvs\/wp-content\/uploads\/2019\/02\/IMG_20181021_154337_hdr-768x768.jpg 768w, https:\/\/www.terroir.sk\/sjvs\/wp-content\/uploads\/2019\/02\/IMG_20181021_154337_hdr-1024x1024.jpg 1024w, https:\/\/www.terroir.sk\/sjvs\/wp-content\/uploads\/2019\/02\/IMG_20181021_154337_hdr-676x676.jpg 676w\" sizes=\"auto, (max-width: 150px) 100vw, 150px\" \/><\/a> <a href=\"https:\/\/www.terroir.sk\/sjvs\/wp-content\/uploads\/2019\/02\/IMG_20181021_154038.jpg\"><img loading=\"lazy\" decoding=\"async\" class=\"alignleft wp-image-1678 size-thumbnail\" src=\"https:\/\/www.terroir.sk\/sjvs\/wp-content\/uploads\/2019\/02\/IMG_20181021_154038-150x150.jpg\" alt=\"\" width=\"150\" height=\"150\" srcset=\"https:\/\/www.terroir.sk\/sjvs\/wp-content\/uploads\/2019\/02\/IMG_20181021_154038-150x150.jpg 150w, https:\/\/www.terroir.sk\/sjvs\/wp-content\/uploads\/2019\/02\/IMG_20181021_154038-300x300.jpg 300w, https:\/\/www.terroir.sk\/sjvs\/wp-content\/uploads\/2019\/02\/IMG_20181021_154038-768x768.jpg 768w, https:\/\/www.terroir.sk\/sjvs\/wp-content\/uploads\/2019\/02\/IMG_20181021_154038-1024x1024.jpg 1024w, https:\/\/www.terroir.sk\/sjvs\/wp-content\/uploads\/2019\/02\/IMG_20181021_154038-676x676.jpg 676w\" sizes=\"auto, (max-width: 150px) 100vw, 150px\" \/><\/a><\/p>\n<p><strong><br \/>\n<a href=\"https:\/\/www.terroir.sk\/sjvs\/wp-content\/uploads\/2017\/10\/skanzen_studia_2014.pdf\" target=\"_blank\" rel=\"noopener noreferrer\">SKANZEN \u0160T\u00daDIA 2014<\/a><\/strong><\/p>\n<p><a href=\"https:\/\/www.terroir.sk\/sjvs\/wp-content\/uploads\/2017\/12\/Aa.jpg\"><img loading=\"lazy\" decoding=\"async\" class=\"alignleft size-thumbnail wp-image-1456\" src=\"https:\/\/www.terroir.sk\/sjvs\/wp-content\/uploads\/2017\/12\/Aa-150x150.jpg\" alt=\"\" width=\"150\" height=\"150\" \/><\/a><a href=\"https:\/\/www.terroir.sk\/sjvs\/wp-content\/uploads\/2017\/12\/Ab.jpg\"><img loading=\"lazy\" decoding=\"async\" class=\"alignleft size-thumbnail wp-image-1457\" src=\"https:\/\/www.terroir.sk\/sjvs\/wp-content\/uploads\/2017\/12\/Ab-150x150.jpg\" alt=\"\" width=\"150\" height=\"150\" \/><\/a><a href=\"https:\/\/www.terroir.sk\/sjvs\/wp-content\/uploads\/2017\/12\/Ba.jpg\"><img loading=\"lazy\" decoding=\"async\" class=\"alignleft size-thumbnail wp-image-1458\" src=\"https:\/\/www.terroir.sk\/sjvs\/wp-content\/uploads\/2017\/12\/Ba-150x150.jpg\" alt=\"\" width=\"150\" height=\"150\" \/><\/a><a href=\"https:\/\/www.terroir.sk\/sjvs\/wp-content\/uploads\/2017\/12\/Bb.jpg\"><img loading=\"lazy\" decoding=\"async\" class=\"alignleft size-thumbnail wp-image-1459\" src=\"https:\/\/www.terroir.sk\/sjvs\/wp-content\/uploads\/2017\/12\/Bb-150x150.jpg\" alt=\"\" width=\"150\" height=\"150\" \/><\/a><a href=\"https:\/\/www.terroir.sk\/sjvs\/wp-content\/uploads\/2017\/12\/Gb.jpg\"><img loading=\"lazy\" decoding=\"async\" class=\"alignleft size-thumbnail wp-image-1462\" src=\"https:\/\/www.terroir.sk\/sjvs\/wp-content\/uploads\/2017\/12\/Da-150x150.jpg\" alt=\"\" width=\"150\" height=\"150\" \/><img loading=\"lazy\" decoding=\"async\" class=\"alignleft size-thumbnail wp-image-1463\" src=\"https:\/\/www.terroir.sk\/sjvs\/wp-content\/uploads\/2017\/12\/Db-150x150.jpg\" alt=\"\" width=\"150\" height=\"150\" \/><img loading=\"lazy\" decoding=\"async\" class=\"alignleft size-thumbnail wp-image-1464\" src=\"https:\/\/www.terroir.sk\/sjvs\/wp-content\/uploads\/2017\/12\/Ea-150x150.jpg\" alt=\"\" width=\"150\" height=\"150\" \/><img loading=\"lazy\" decoding=\"async\" class=\"alignleft size-thumbnail wp-image-1465\" src=\"https:\/\/www.terroir.sk\/sjvs\/wp-content\/uploads\/2017\/12\/Eb-150x150.jpg\" alt=\"\" width=\"150\" height=\"150\" \/><\/a><a href=\"https:\/\/www.terroir.sk\/sjvs\/wp-content\/uploads\/2017\/12\/Ca.jpg\"><img loading=\"lazy\" decoding=\"async\" class=\"alignleft size-thumbnail wp-image-1460\" src=\"https:\/\/www.terroir.sk\/sjvs\/wp-content\/uploads\/2017\/12\/Ca-150x150.jpg\" alt=\"\" width=\"150\" height=\"150\" \/><\/a><a href=\"https:\/\/www.terroir.sk\/sjvs\/wp-content\/uploads\/2017\/12\/Gb.jpg\"><img loading=\"lazy\" decoding=\"async\" class=\"alignleft size-thumbnail wp-image-1461\" src=\"https:\/\/www.terroir.sk\/sjvs\/wp-content\/uploads\/2017\/12\/Cb-150x150.jpg\" alt=\"\" width=\"150\" height=\"150\" \/><\/a><a href=\"https:\/\/www.terroir.sk\/sjvs\/wp-content\/uploads\/2017\/12\/Fa.jpg\"><img loading=\"lazy\" decoding=\"async\" class=\"alignleft size-thumbnail wp-image-1466\" src=\"https:\/\/www.terroir.sk\/sjvs\/wp-content\/uploads\/2017\/12\/Fa-150x150.jpg\" alt=\"\" width=\"150\" height=\"150\" \/><\/a><a href=\"https:\/\/www.terroir.sk\/sjvs\/wp-content\/uploads\/2017\/12\/Fb.jpg\"><img loading=\"lazy\" decoding=\"async\" class=\"alignleft size-thumbnail wp-image-1467\" src=\"https:\/\/www.terroir.sk\/sjvs\/wp-content\/uploads\/2017\/12\/Fb-150x150.jpg\" alt=\"\" width=\"150\" height=\"150\" \/><\/a><a href=\"https:\/\/www.terroir.sk\/sjvs\/wp-content\/uploads\/2017\/12\/Ga.jpg\"><img loading=\"lazy\" decoding=\"async\" class=\"alignleft size-thumbnail wp-image-1468\" src=\"https:\/\/www.terroir.sk\/sjvs\/wp-content\/uploads\/2017\/12\/Ga-150x150.jpg\" alt=\"\" width=\"150\" height=\"150\" \/><\/a><a href=\"https:\/\/www.terroir.sk\/sjvs\/wp-content\/uploads\/2017\/12\/Gb.jpg\"><img loading=\"lazy\" decoding=\"async\" class=\"alignleft size-thumbnail wp-image-1469\" src=\"https:\/\/www.terroir.sk\/sjvs\/wp-content\/uploads\/2017\/12\/Gb-150x150.jpg\" alt=\"\" width=\"150\" height=\"150\" \/><\/a><\/p>","protected":false},"excerpt":{"rendered":"<p>DEGUST\u00c1CIE V SKANZENE Sv\u00e4tojursk\u00fd vinohradn\u00edcky spolok v spolupr\u00e1ci s Academia Istropolitana Nova a Mestom Sv\u00e4t\u00fd Jur v roku 2011 za\u010dal s realiz\u00e1ciou projektu VINOHRADN\u00cdCKY SKANZEN. Po vy\u0161e dvojro\u010dnom h\u013eadan\u00ed vhodn\u00e9ho pozemku sme nakoniec na\u0161li miesto, ktor\u00e9 sp\u013a\u0148a v\u00e4\u010d\u0161inu po\u017eadovan\u00fdch krit\u00e9ri\u00ed: pr\u00edtomnos\u0165 historick\u00fdch vinohradn\u00edckych prvkov (r\u00fany, stienky, b\u00fady a pod.), \u013eahk\u00e1 dostupnos\u0165 z centra mesta (autom, [&hellip;]<\/p>\n","protected":false},"author":1,"featured_media":0,"parent":0,"menu_order":5,"comment_status":"closed","ping_status":"closed","template":"","meta":{"footnotes":""},"class_list":["post-864","page","type-page","status-publish","hentry","post-preview"],"_links":{"self":[{"href":"https:\/\/www.terroir.sk\/sjvs\/en\/wp-json\/wp\/v2\/pages\/864","targetHints":{"allow":["GET"]}}],"collection":[{"href":"https:\/\/www.terroir.sk\/sjvs\/en\/wp-json\/wp\/v2\/pages"}],"about":[{"href":"https:\/\/www.terroir.sk\/sjvs\/en\/wp-json\/wp\/v2\/types\/page"}],"author":[{"embeddable":true,"href":"https:\/\/www.terroir.sk\/sjvs\/en\/wp-json\/wp\/v2\/users\/1"}],"replies":[{"embeddable":true,"href":"https:\/\/www.terroir.sk\/sjvs\/en\/wp-json\/wp\/v2\/comments?post=864"}],"version-history":[{"count":39,"href":"https:\/\/www.terroir.sk\/sjvs\/en\/wp-json\/wp\/v2\/pages\/864\/revisions"}],"predecessor-version":[{"id":1847,"href":"https:\/\/www.terroir.sk\/sjvs\/en\/wp-json\/wp\/v2\/pages\/864\/revisions\/1847"}],"wp:attachment":[{"href":"https:\/\/www.terroir.sk\/sjvs\/en\/wp-json\/wp\/v2\/media?parent=864"}],"curies":[{"name":"wp","href":"https:\/\/api.w.org\/{rel}","templated":true}]}}