{"id":1080,"date":"2015-05-26T10:22:30","date_gmt":"2015-05-26T08:22:30","guid":{"rendered":"https:\/\/www.terroir.sk\/sjvs\/\/?page_id=1080"},"modified":"2015-11-03T10:23:09","modified_gmt":"2015-11-03T09:23:09","slug":"privatna-vinna-cesta","status":"publish","type":"page","link":"https:\/\/www.terroir.sk\/sjvs\/privatna-vinna-cesta\/","title":{"rendered":"Priv\u00e1tna v\u00ednna cesta"},"content":{"rendered":"<p><a href=\"https:\/\/www.terroir.sk\/sjvs\/\/wp-content\/uploads\/2015\/05\/titulna.jpg\"><img loading=\"lazy\" decoding=\"async\" class=\"alignleft size-thumbnail wp-image-1111\" src=\"https:\/\/www.terroir.sk\/sjvs\/\/wp-content\/uploads\/2015\/05\/titulna-150x150.jpg\" alt=\"titulna\" width=\"150\" height=\"150\" \/><\/a>M\u00e1te radi poriadne\u00a0vino? Chcete s priate\u013emi len tak vypadn\u00fa\u0165 z mesta? H\u013ead\u00e1te aktivitu pre teambuilding? Sv\u00e4tojursk\u00ed vin\u00e1ri pre V\u00e1s pripravili PRIV\u00c1TNU V\u00cdNNU CESTU, na ktorej nav\u0161t\u00edvite terasovit\u00e9 vinohrady nad mestom, historick\u00e9 pivnice, modern\u00e9 vin\u00e1rstva a unik\u00e1tnu vinot\u00e9ku ViNOCENTRUM. V\u0161ade je pre V\u00e1s pripraven\u00e1 ochutn\u00e1vka v\u00edn s vin\u00e1rom, ktor\u00fd V\u00e1s prevedie cestou v\u00edna z vinice do poh\u00e1ra&#8230;<br \/>\nViac na <a href=\"http:\/\/privatnavinnacesta.sk\/svatyjur\/\" target=\"_blank\">www.privatnavinnacesta.sk<\/a><\/p>\n<p><a href=\"https:\/\/www.terroir.sk\/sjvs\/\/wp-content\/uploads\/2015\/05\/pvc_1.jpg\"><img loading=\"lazy\" decoding=\"async\" class=\"alignleft size-thumbnail wp-image-1180\" src=\"https:\/\/www.terroir.sk\/sjvs\/\/wp-content\/uploads\/2015\/05\/pvc_1-150x150.jpg\" alt=\"pvc_1\" width=\"150\" height=\"150\" \/><\/a> <a href=\"https:\/\/www.terroir.sk\/sjvs\/\/wp-content\/uploads\/2015\/05\/pvc_2.jpg\"><img loading=\"lazy\" decoding=\"async\" class=\"alignleft size-thumbnail wp-image-1181\" src=\"https:\/\/www.terroir.sk\/sjvs\/\/wp-content\/uploads\/2015\/05\/pvc_2-150x150.jpg\" alt=\"pvc_2\" width=\"150\" height=\"150\" \/><\/a><\/p>\n<p>&nbsp;<\/p>\n","protected":false},"excerpt":{"rendered":"<p>M\u00e1te radi poriadne\u00a0vino? Chcete s priate\u013emi len tak vypadn\u00fa\u0165 z mesta? H\u013ead\u00e1te aktivitu pre teambuilding? Sv\u00e4tojursk\u00ed vin\u00e1ri pre V\u00e1s pripravili PRIV\u00c1TNU V\u00cdNNU CESTU, na ktorej nav\u0161t\u00edvite terasovit\u00e9 vinohrady nad mestom, historick\u00e9 pivnice, modern\u00e9 vin\u00e1rstva a unik\u00e1tnu vinot\u00e9ku ViNOCENTRUM. V\u0161ade je pre V\u00e1s pripraven\u00e1 ochutn\u00e1vka v\u00edn s vin\u00e1rom, ktor\u00fd V\u00e1s prevedie cestou v\u00edna z vinice do [&hellip;]<\/p>\n","protected":false},"author":1,"featured_media":0,"parent":0,"menu_order":0,"comment_status":"closed","ping_status":"closed","template":"","meta":{"footnotes":""},"class_list":["post-1080","page","type-page","status-publish","hentry","post-preview"],"_links":{"self":[{"href":"https:\/\/www.terroir.sk\/sjvs\/wp-json\/wp\/v2\/pages\/1080","targetHints":{"allow":["GET"]}}],"collection":[{"href":"https:\/\/www.terroir.sk\/sjvs\/wp-json\/wp\/v2\/pages"}],"about":[{"href":"https:\/\/www.terroir.sk\/sjvs\/wp-json\/wp\/v2\/types\/page"}],"author":[{"embeddable":true,"href":"https:\/\/www.terroir.sk\/sjvs\/wp-json\/wp\/v2\/users\/1"}],"replies":[{"embeddable":true,"href":"https:\/\/www.terroir.sk\/sjvs\/wp-json\/wp\/v2\/comments?post=1080"}],"version-history":[{"count":6,"href":"https:\/\/www.terroir.sk\/sjvs\/wp-json\/wp\/v2\/pages\/1080\/revisions"}],"predecessor-version":[{"id":1183,"href":"https:\/\/www.terroir.sk\/sjvs\/wp-json\/wp\/v2\/pages\/1080\/revisions\/1183"}],"wp:attachment":[{"href":"https:\/\/www.terroir.sk\/sjvs\/wp-json\/wp\/v2\/media?parent=1080"}],"curies":[{"name":"wp","href":"https:\/\/api.w.org\/{rel}","templated":true}]}}