{"id":1426,"date":"2017-12-15T10:14:16","date_gmt":"2017-12-15T09:14:16","guid":{"rendered":"https:\/\/www.terroir.sk\/sjvs\/?page_id=1426"},"modified":"2017-12-16T11:12:18","modified_gmt":"2017-12-16T10:12:18","slug":"projekty","status":"publish","type":"page","link":"https:\/\/www.terroir.sk\/sjvs\/projekty\/","title":{"rendered":"Projekty"},"content":{"rendered":"<div><img loading=\"lazy\" decoding=\"async\" class=\"alignleft wp-image-1427\" src=\"https:\/\/www.terroir.sk\/sjvs\/wp-content\/uploads\/2017\/12\/logo-BSK_sm-150x150.png\" alt=\"\" width=\"117\" height=\"117\" \/>V roku 2017 boli v r\u00e1mci Bratislavskej region\u00e1lnej dota\u010dnej sch\u00e9my podporen\u00e9 viacer\u00e9 projekty v dota\u010dnej sch\u00e9me pre Rozvoj vidieka. U n\u00e1s, vo Sv\u00e4tom Jure, bol podporen\u00fd projekt &#8222;<b>Ekologiz\u00e1cia pestovania vini\u010da, skvalitnenie\u00a0spracovania hrozna<\/b>&#8220; v r\u00e1mci, ktor\u00e9ho bolo vysaden\u00fdch vy\u0161e 1000 \u0161tepov nov\u00fdch inter\u0161pecifick\u00fdch odr\u00f4d Hibernal, Merzling a Cerason. V druhej \u010dasti bolo obstaran\u00e9 technick\u00e9 vybavenie pre skvalitnenie vinohradn\u00edckych pr\u00e1c, a zn\u00ed\u017eenie pou\u017e\u00edvania herbic\u00eddov v pr\u00edkmennom p\u00e1se, pomocou tunelov\u00e9ho ometa\u010da kmienikov, a technick\u00e9 vybavenie na spracovanie hrozna a lisovanie kalov. Za podporu \u010fakujeme Bratislavsk\u00e9mu samospr\u00e1vnemu kraju.<\/div>\n<div><\/div>\n<div><a href=\"https:\/\/www.terroir.sk\/sjvs\/wp-content\/uploads\/2017\/12\/projekt1.jpg\"><img loading=\"lazy\" decoding=\"async\" class=\"alignleft size-thumbnail wp-image-1434\" src=\"https:\/\/www.terroir.sk\/sjvs\/wp-content\/uploads\/2017\/12\/projekt1-150x150.jpg\" alt=\"\" width=\"150\" height=\"150\" \/><\/a> <a href=\"https:\/\/www.terroir.sk\/sjvs\/wp-content\/uploads\/2017\/12\/projekt2.jpg\"><img loading=\"lazy\" decoding=\"async\" class=\"alignleft size-thumbnail wp-image-1435\" src=\"https:\/\/www.terroir.sk\/sjvs\/wp-content\/uploads\/2017\/12\/projekt2-150x150.jpg\" alt=\"\" width=\"150\" height=\"150\" \/><\/a><\/div>\n<div><a href=\"https:\/\/www.terroir.sk\/sjvs\/wp-content\/uploads\/2017\/12\/projekt3a.jpg\"><img loading=\"lazy\" decoding=\"async\" class=\"alignleft size-thumbnail wp-image-1453\" src=\"https:\/\/www.terroir.sk\/sjvs\/wp-content\/uploads\/2017\/12\/projekt3a-150x150.jpg\" alt=\"\" width=\"150\" height=\"150\" \/><\/a><\/div>\n","protected":false},"excerpt":{"rendered":"<p>V roku 2017 boli v r\u00e1mci Bratislavskej region\u00e1lnej dota\u010dnej sch\u00e9my podporen\u00e9 viacer\u00e9 projekty v dota\u010dnej sch\u00e9me pre Rozvoj vidieka. U n\u00e1s, vo Sv\u00e4tom Jure, bol podporen\u00fd projekt &#8222;Ekologiz\u00e1cia pestovania vini\u010da, skvalitnenie\u00a0spracovania hrozna&#8220; v r\u00e1mci, ktor\u00e9ho bolo vysaden\u00fdch vy\u0161e 1000 \u0161tepov nov\u00fdch inter\u0161pecifick\u00fdch odr\u00f4d Hibernal, Merzling a Cerason. V druhej \u010dasti bolo obstaran\u00e9 technick\u00e9 vybavenie pre [&hellip;]<\/p>\n","protected":false},"author":1,"featured_media":0,"parent":0,"menu_order":0,"comment_status":"closed","ping_status":"closed","template":"","meta":{"footnotes":""},"class_list":["post-1426","page","type-page","status-publish","hentry","post-preview"],"_links":{"self":[{"href":"https:\/\/www.terroir.sk\/sjvs\/wp-json\/wp\/v2\/pages\/1426","targetHints":{"allow":["GET"]}}],"collection":[{"href":"https:\/\/www.terroir.sk\/sjvs\/wp-json\/wp\/v2\/pages"}],"about":[{"href":"https:\/\/www.terroir.sk\/sjvs\/wp-json\/wp\/v2\/types\/page"}],"author":[{"embeddable":true,"href":"https:\/\/www.terroir.sk\/sjvs\/wp-json\/wp\/v2\/users\/1"}],"replies":[{"embeddable":true,"href":"https:\/\/www.terroir.sk\/sjvs\/wp-json\/wp\/v2\/comments?post=1426"}],"version-history":[{"count":9,"href":"https:\/\/www.terroir.sk\/sjvs\/wp-json\/wp\/v2\/pages\/1426\/revisions"}],"predecessor-version":[{"id":1473,"href":"https:\/\/www.terroir.sk\/sjvs\/wp-json\/wp\/v2\/pages\/1426\/revisions\/1473"}],"wp:attachment":[{"href":"https:\/\/www.terroir.sk\/sjvs\/wp-json\/wp\/v2\/media?parent=1426"}],"curies":[{"name":"wp","href":"https:\/\/api.w.org\/{rel}","templated":true}]}}