{"id":1612,"date":"2019-02-07T11:37:35","date_gmt":"2019-02-07T10:37:35","guid":{"rendered":"https:\/\/www.terroir.sk\/sjvs\/?page_id=1612"},"modified":"2019-02-07T13:17:42","modified_gmt":"2019-02-07T12:17:42","slug":"den-otvorenych-pivnic-mvc","status":"publish","type":"page","link":"https:\/\/www.terroir.sk\/sjvs\/podujatia\/den-otvorenych-pivnic-mvc\/","title":{"rendered":"De\u0148 otvoren\u00fdch pivn\u00edc\u00ae MVC"},"content":{"rendered":"<p><img loading=\"lazy\" decoding=\"async\" class=\"alignleft size-thumbnail wp-image-1674\" src=\"https:\/\/www.terroir.sk\/sjvs\/wp-content\/uploads\/2019\/02\/DSC04866-150x150.jpg\" alt=\"\" width=\"150\" height=\"150\" \/><\/p>\n<p>Svatojursk\u00ed vin\u00e1ri ka\u017edoro\u010dne otv\u00e1raj\u00fa svoje pivnice po\u010das najva\u010d\u0161ieho podujatia MVC &#8211; De\u0148 otvoren\u00fdch pivn\u00edc. Tie najlep\u0161ie v\u00edna m\u00f4\u017eete ochutna\u0165 v takmer tridsiatich historick\u00fdch pivniciach alebo modern\u00fdch vin\u00e1rstvach. Vstupenky dostanete na <a href=\"http:\/\/www.mvc.sk\/sk\/home\" target=\"_blank\" rel=\"noopener\">www.mvc.sk<\/a><\/p>\n<p>Sledujte <a href=\"https:\/\/www.terroir.sk\/sjvs\" target=\"_self\">Aktuality<\/a><\/p>\n","protected":false},"excerpt":{"rendered":"<p>Svatojursk\u00ed vin\u00e1ri ka\u017edoro\u010dne otv\u00e1raj\u00fa svoje pivnice po\u010das najva\u010d\u0161ieho podujatia MVC &#8211; De\u0148 otvoren\u00fdch pivn\u00edc. Tie najlep\u0161ie v\u00edna m\u00f4\u017eete ochutna\u0165 v takmer tridsiatich historick\u00fdch pivniciach alebo modern\u00fdch vin\u00e1rstvach. Vstupenky dostanete na www.mvc.sk Sledujte Aktuality<\/p>\n","protected":false},"author":1,"featured_media":0,"parent":18,"menu_order":0,"comment_status":"closed","ping_status":"closed","template":"","meta":{"footnotes":""},"class_list":["post-1612","page","type-page","status-publish","hentry","post-preview"],"_links":{"self":[{"href":"https:\/\/www.terroir.sk\/sjvs\/wp-json\/wp\/v2\/pages\/1612","targetHints":{"allow":["GET"]}}],"collection":[{"href":"https:\/\/www.terroir.sk\/sjvs\/wp-json\/wp\/v2\/pages"}],"about":[{"href":"https:\/\/www.terroir.sk\/sjvs\/wp-json\/wp\/v2\/types\/page"}],"author":[{"embeddable":true,"href":"https:\/\/www.terroir.sk\/sjvs\/wp-json\/wp\/v2\/users\/1"}],"replies":[{"embeddable":true,"href":"https:\/\/www.terroir.sk\/sjvs\/wp-json\/wp\/v2\/comments?post=1612"}],"version-history":[{"count":7,"href":"https:\/\/www.terroir.sk\/sjvs\/wp-json\/wp\/v2\/pages\/1612\/revisions"}],"predecessor-version":[{"id":1675,"href":"https:\/\/www.terroir.sk\/sjvs\/wp-json\/wp\/v2\/pages\/1612\/revisions\/1675"}],"up":[{"embeddable":true,"href":"https:\/\/www.terroir.sk\/sjvs\/wp-json\/wp\/v2\/pages\/18"}],"wp:attachment":[{"href":"https:\/\/www.terroir.sk\/sjvs\/wp-json\/wp\/v2\/media?parent=1612"}],"curies":[{"name":"wp","href":"https:\/\/api.w.org\/{rel}","templated":true}]}}