{"id":1616,"date":"2019-02-07T11:39:56","date_gmt":"2019-02-07T10:39:56","guid":{"rendered":"https:\/\/www.terroir.sk\/sjvs\/?page_id=1616"},"modified":"2019-02-09T00:02:32","modified_gmt":"2019-02-08T23:02:32","slug":"vinna-ulicka-pocas-svatojurskych-hodov","status":"publish","type":"page","link":"https:\/\/www.terroir.sk\/sjvs\/podujatia\/vinna-ulicka-pocas-svatojurskych-hodov\/","title":{"rendered":"V\u00ednna uli\u010dka po\u010das Svatojursk\u00fdch hodov"},"content":{"rendered":"<p>Sv\u00e4tojursk\u00e9 v\u00edna ka\u017edoro\u010dne nalievaj\u00fa vin\u00e1ri vo V\u00ednnej uli\u010dke po\u010das Svatojursk\u00fdch hodov (koncom apr\u00edla). \u010carvon\u00e1 vin\u00e1rska atmosf\u00e9ra v tieni paga\u0161tanov je dokonalou o\u00e1zou pre telo aj du\u0161u.<\/p>\n<p>Sledujte <a href=\"https:\/\/www.terroir.sk\/sjvs\" target=\"_self\">Aktuality<\/a><img loading=\"lazy\" decoding=\"async\" class=\"alignleft size-thumbnail wp-image-1662\" src=\"https:\/\/www.terroir.sk\/sjvs\/wp-content\/uploads\/2019\/02\/DSC07563-150x150.jpg\" alt=\"\" width=\"150\" height=\"150\" \/><\/p>\n","protected":false},"excerpt":{"rendered":"<p>Sv\u00e4tojursk\u00e9 v\u00edna ka\u017edoro\u010dne nalievaj\u00fa vin\u00e1ri vo V\u00ednnej uli\u010dke po\u010das Svatojursk\u00fdch hodov (koncom apr\u00edla). \u010carvon\u00e1 vin\u00e1rska atmosf\u00e9ra v tieni paga\u0161tanov je dokonalou o\u00e1zou pre telo aj du\u0161u. Sledujte Aktuality<\/p>\n","protected":false},"author":1,"featured_media":0,"parent":18,"menu_order":0,"comment_status":"closed","ping_status":"closed","template":"","meta":{"footnotes":""},"class_list":["post-1616","page","type-page","status-publish","hentry","post-preview"],"_links":{"self":[{"href":"https:\/\/www.terroir.sk\/sjvs\/wp-json\/wp\/v2\/pages\/1616","targetHints":{"allow":["GET"]}}],"collection":[{"href":"https:\/\/www.terroir.sk\/sjvs\/wp-json\/wp\/v2\/pages"}],"about":[{"href":"https:\/\/www.terroir.sk\/sjvs\/wp-json\/wp\/v2\/types\/page"}],"author":[{"embeddable":true,"href":"https:\/\/www.terroir.sk\/sjvs\/wp-json\/wp\/v2\/users\/1"}],"replies":[{"embeddable":true,"href":"https:\/\/www.terroir.sk\/sjvs\/wp-json\/wp\/v2\/comments?post=1616"}],"version-history":[{"count":4,"href":"https:\/\/www.terroir.sk\/sjvs\/wp-json\/wp\/v2\/pages\/1616\/revisions"}],"predecessor-version":[{"id":1692,"href":"https:\/\/www.terroir.sk\/sjvs\/wp-json\/wp\/v2\/pages\/1616\/revisions\/1692"}],"up":[{"embeddable":true,"href":"https:\/\/www.terroir.sk\/sjvs\/wp-json\/wp\/v2\/pages\/18"}],"wp:attachment":[{"href":"https:\/\/www.terroir.sk\/sjvs\/wp-json\/wp\/v2\/media?parent=1616"}],"curies":[{"name":"wp","href":"https:\/\/api.w.org\/{rel}","templated":true}]}}