{"id":18,"date":"2011-01-11T10:35:29","date_gmt":"2011-01-11T10:35:29","guid":{"rendered":"https:\/\/www.terroir.sk\/sjvs\/\/?page_id=18"},"modified":"2019-02-08T23:59:03","modified_gmt":"2019-02-08T22:59:03","slug":"podujatia","status":"publish","type":"page","link":"https:\/\/www.terroir.sk\/sjvs\/podujatia\/","title":{"rendered":"Podujatia"},"content":{"rendered":"<p><img loading=\"lazy\" decoding=\"async\" class=\"alignleft wp-image-1644 size-thumbnail\" src=\"https:\/\/www.terroir.sk\/sjvs\/wp-content\/uploads\/2019\/02\/sen-noci-svatojurskej-event-ludia-6230244-150x150.jpg\" alt=\"\" width=\"150\" height=\"150\" \/><\/p>\n<p>Od roku 2008 Sv\u00e4tojursk\u00fd vinohradn\u00edcky spolok organizuje pre milovn\u00edkov v\u00edna\u00a0<a href=\"https:\/\/www.terroir.sk\/sjvs\/\/?page_id=26\" target=\"_self\">De\u0148 sv\u00e4tojursk\u00fdch pivn\u00edc<\/a> (posledn\u00fd janu\u00e1rov\u00fd v\u00edkend) a po\u010das roka sa jeho \u010dlenovia\u00a0akt\u00edvne podie\u013eaj\u00fa aj na podujatiach, organizovan\u00fdch zdru\u017een\u00edm Malokarpatsk\u00e1 v\u00ednna cesta.<\/p>\n<p>Najv\u00fdznamnej\u0161ie aktivity po\u010das roka s\u00fa:<\/p>\n<ul>\n<li><a href=\"https:\/\/www.terroir.sk\/sjvs\/podujatia\/den-svatojurskych-pivnic\" target=\"_self\">De\u0148 sv\u00e4tojursk\u00fdch pivn\u00edc<\/a>\u00a0(janu\u00e1r)<\/li>\n<li><a href=\"https:\/\/www.terroir.sk\/sjvs\/podujatia\/vinna-ulicka-pocas-svatojurskych-hodov\/\">V\u00ednna uli\u010dka po\u010das Svatojursk\u00fdch hodov<\/a> (apr\u00edl)<\/li>\n<li><a href=\"https:\/\/www.terroir.sk\/sjvs\/podujatia\/kralovsky-rizling\" target=\"_self\">V\u00fdstava v\u00edn KR\u00c1\u013dOVSK\u00dd RIZING<\/a>\u00a0(m\u00e1j)<\/li>\n<li><a href=\"https:\/\/www.terroir.sk\/sjvs\/podujatia\/otvorene-pivnice-na-sv-urbana\">Otvoren\u00e9 pivnice na sv. Urbana\u00ae MVC<\/a> (m\u00e1j)<\/li>\n<li><a href=\"https:\/\/www.terroir.sk\/sjvs\/podujatia\/sen-noci-svatojurskej\">Sen noci sv\u00e4tojurskej<\/a> (j\u00fan)<\/li>\n<li><a href=\"https:\/\/www.terroir.sk\/sjvs\/podujatia\/den-vo-vinohradoch\" target=\"_self\">De\u0148 vo vinohradoch<\/a> (september)<\/li>\n<li><a href=\"https:\/\/www.terroir.sk\/sjvs\/\/index.php\/podujatia\/hubertove-slavnosti-pri-burciaku\/\" target=\"_self\">Hubertove sl\u00e1vnosti pri bur\u010diaku<\/a> (september)<\/li>\n<li><a href=\"https:\/\/www.terroir.sk\/sjvs\/podujatia\/den-otvorenych-pivnic-mvc\">De\u0148 otvoren\u00fdch pivn\u00edc\u00ae MVC<\/a> (november)<\/li>\n<\/ul>\n<p>K men\u0161\u00edm &#8222;lok\u00e1lnym&#8220; podujatiam patr\u00ed Sv\u00e4tomartinsk\u00e9 po\u017eehnanie mlad\u00e9ho v\u00edna (november), alebo ochutn\u00e1vka v\u00edn na Viano\u010dn\u00fdch trhoch vo Sv\u00e4tom Jure (december).<\/p>\n","protected":false},"excerpt":{"rendered":"<p>Od roku 2008 Sv\u00e4tojursk\u00fd vinohradn\u00edcky spolok organizuje pre milovn\u00edkov v\u00edna\u00a0De\u0148 sv\u00e4tojursk\u00fdch pivn\u00edc (posledn\u00fd janu\u00e1rov\u00fd v\u00edkend) a po\u010das roka sa jeho \u010dlenovia\u00a0akt\u00edvne podie\u013eaj\u00fa aj na podujatiach, organizovan\u00fdch zdru\u017een\u00edm Malokarpatsk\u00e1 v\u00ednna cesta. Najv\u00fdznamnej\u0161ie aktivity po\u010das roka s\u00fa: De\u0148 sv\u00e4tojursk\u00fdch pivn\u00edc\u00a0(janu\u00e1r) V\u00ednna uli\u010dka po\u010das Svatojursk\u00fdch hodov (apr\u00edl) V\u00fdstava v\u00edn KR\u00c1\u013dOVSK\u00dd RIZING\u00a0(m\u00e1j) Otvoren\u00e9 pivnice na sv. Urbana\u00ae MVC (m\u00e1j) [&hellip;]<\/p>\n","protected":false},"author":1,"featured_media":0,"parent":0,"menu_order":3,"comment_status":"closed","ping_status":"closed","template":"","meta":{"footnotes":""},"class_list":["post-18","page","type-page","status-publish","hentry","post-preview"],"_links":{"self":[{"href":"https:\/\/www.terroir.sk\/sjvs\/wp-json\/wp\/v2\/pages\/18","targetHints":{"allow":["GET"]}}],"collection":[{"href":"https:\/\/www.terroir.sk\/sjvs\/wp-json\/wp\/v2\/pages"}],"about":[{"href":"https:\/\/www.terroir.sk\/sjvs\/wp-json\/wp\/v2\/types\/page"}],"author":[{"embeddable":true,"href":"https:\/\/www.terroir.sk\/sjvs\/wp-json\/wp\/v2\/users\/1"}],"replies":[{"embeddable":true,"href":"https:\/\/www.terroir.sk\/sjvs\/wp-json\/wp\/v2\/comments?post=18"}],"version-history":[{"count":29,"href":"https:\/\/www.terroir.sk\/sjvs\/wp-json\/wp\/v2\/pages\/18\/revisions"}],"predecessor-version":[{"id":1691,"href":"https:\/\/www.terroir.sk\/sjvs\/wp-json\/wp\/v2\/pages\/18\/revisions\/1691"}],"wp:attachment":[{"href":"https:\/\/www.terroir.sk\/sjvs\/wp-json\/wp\/v2\/media?parent=18"}],"curies":[{"name":"wp","href":"https:\/\/api.w.org\/{rel}","templated":true}]}}