{"id":2130,"date":"2022-11-30T13:14:12","date_gmt":"2022-11-30T12:14:12","guid":{"rendered":"https:\/\/www.terroir.sk\/sjvs\/?page_id=2130"},"modified":"2022-11-30T14:55:32","modified_gmt":"2022-11-30T13:55:32","slug":"pravidla-ochrany-osobnych-udajov","status":"publish","type":"page","link":"https:\/\/www.terroir.sk\/sjvs\/pravidla-ochrany-osobnych-udajov\/","title":{"rendered":"Pravidl\u00e1 ochrany osobn\u00fdch \u00fadajov"},"content":{"rendered":"\n<p><\/p>\n\n\n\n<p>Prev\u00e1dzkovate\u013eom informa\u010dn\u00e9ho syst\u00e9mu na spracovanie osobn\u00fdch \u00fadajov je:<\/p>\n\n\n\n<p><strong>Sv\u00e4tojursk\u00fd vinohradn\u00edcky spolok<br \/><\/strong>so s\u00eddlom Ulica Dr. Kautza 11, Sv\u00e4t\u00fd Jur, 90021<br \/>I\u010cO: 31804772<br \/>IBAN:&nbsp;SK9509000000000181826636<br \/>e-mail:&nbsp;<a href=\"mailto:sjvs@terroir.sk\">vinspolok@gmail.com<\/a><br \/>(\u010falej len \u201eprev\u00e1dzkovate\u013e\u201c).<\/p>\n\n\n\n<p>K ochrane osobn\u00fdch \u00fadajov pristupujeme ako prev\u00e1dzkovate\u013e zodpovedne, riadime sa z\u00e1sadami pri ich sprac\u00favan\u00ed a dodr\u017eiavame pr\u00e1vne predpisy o ochrane osobn\u00fdch \u00fadajov:<\/p>\n\n\n\n<p>Nariadenie&nbsp;Eur\u00f3pskeho parlamentu a Rady (E\u00da) 2016\/679 z 27. apr\u00edla 2016 o ochrane fyzick\u00fdch os\u00f4b pri sprac\u00favan\u00ed osobn\u00fdch \u00fadajov a o&nbsp;vo\u013enom pohybe tak\u00fdchto \u00fadajov, ktor\u00fdm sa zru\u0161uje smernica 95\/46\/ES (v\u0161eobecn\u00e9 nariadenie o ochrane \u00fadajov) a<\/p>\n\n\n\n<p><strong>z\u00e1kon \u010d. 18\/2018 Z. z. o&nbsp;ochrane osobn\u00fdch \u00fadajov<\/strong>&nbsp;a o zmene a doplnen\u00ed niektor\u00fdch z\u00e1konov.<\/p>\n\n\n\n<p>V pr\u00edpadoch, ke\u010f sa od z\u00e1kazn\u00edka ako od dotknutej osoby z\u00edskavaj\u00fa osobn\u00e9 \u00fadaje, ktor\u00e9 sa jej t\u00fdkaj\u00fa, poskytuje prev\u00e1dzkovate\u013e pri z\u00edskavan\u00ed osobn\u00fdch \u00fadajov nasledovn\u00e9 inform\u00e1cie:&nbsp;<\/p>\n\n\n\n<ul class=\"wp-block-list\">\n<li>\u00da\u010delom sprac\u00favania osobn\u00fdch \u00fadajov je realiz\u00e1cia prev\u00e1dzky webovej str\u00e1nky ako aj rezerv\u00e1cie \u010di objedn\u00e1vky tovarov a&nbsp;slu\u017eieb na z\u00e1klade po\u017eiadavky z\u00e1kazn\u00edka a&nbsp;tie\u017e marketingov\u00e9 aktivity prev\u00e1dzkovate\u013ea na z\u00e1klade opr\u00e1vnen\u00e9ho z\u00e1ujmu. Pr\u00e1vnym z\u00e1kladom sprac\u00favania osobn\u00fdch \u00fadajov je tak \u010dl\u00e1nok 6 odsek 1&nbsp;p\u00edsm. b) a&nbsp;f) GDPR (E\u00da v\u0161eobecn\u00e9 nariadenie o ochrane \u00fadajov). Na jeho plnenie je nevyhnutn\u00e9 z\u00edska\u0165 a&nbsp;sprac\u00fava\u0165 osobn\u00e9 \u00fadaje v&nbsp;minim\u00e1lnom potrebnom a&nbsp;tie\u017e mo\u017enom rozsahu.<\/li>\n<\/ul>\n\n\n\n<ul class=\"wp-block-list\">\n<li>Pri prev\u00e1dzke webov\u00fdch str\u00e1nok db\u00e1me o&nbsp;d\u00f4vernos\u0165 osobn\u00fdch \u00fadajov na\u0161ich z\u00e1kazn\u00edkov a&nbsp;ich osobn\u00e9 \u00fadaje neposkytujeme \u017eiadnym in\u00fdm subjektom, okrem prepravnej spolo\u010dnosti ktor\u00e1 zabezpe\u010duje doru\u010denie tovaru alebo slu\u017eieb, poskytovate\u013ea platobn\u00fdch slu\u017eieb alebo in\u00fdch subjektov s preuk\u00e1zate\u013en\u00fdm z\u00e1konn\u00fdm opr\u00e1vnen\u00edm.<\/li>\n<\/ul>\n\n\n\n<ul class=\"wp-block-list\">\n<li>Osobn\u00e9 \u00fadaje z\u00e1kazn\u00edkov s\u00favisiace s&nbsp;dodan\u00edm tovarov a&nbsp;slu\u017eieb uchov\u00e1vame po dobu nevyhnutn\u00fa na splnenie archiva\u010dn\u00fdch povinnost\u00ed vypl\u00fdvaj\u00facich z&nbsp;osobitn\u00fdch predpisov (napr. pr\u00edslu\u0161n\u00e9 pr\u00e1vne predpisy upravuj\u00face povinnosti pri veden\u00ed \u00fa\u010dtovn\u00edctva v zmysle Z\u00e1kona o \u00fa\u010dtovn\u00edctve \u010d. 431\/2002 Z. z. a pod).&nbsp;<\/li>\n<\/ul>\n\n\n\n<ul class=\"wp-block-list\">\n<li>Z\u00e1kazn\u00edk ako dotknut\u00e1 osoba m\u00e1 pr\u00e1vo na inform\u00e1cie a pr\u00edstup ku svojim osobn\u00fdm \u00fadajom, pr\u00e1vo na ich opravu, pr\u00e1vo na portabilitu (prenosnos\u0165) a tie\u017e pr\u00e1vo na vymazanie (zaslan\u00edm \u017eiadosti na <a href=\"mailto:sjvs@terroir.sk\">vinspolok@gmail.com<\/a>), \u010falej pr\u00e1vo na namietanie \u010di pr\u00e1vo na obmedzenie sprac\u00favania a pr\u00e1vo poda\u0165 s\u0165a\u017enos\u0165. Pre uplatnenie vy\u0161\u0161ie uveden\u00fdch pr\u00e1v m\u00f4\u017ee dotknut\u00e1 osoba poda\u0165 \u017eiados\u0165 alebo s\u0165a\u017enos\u0165 e-mailom na <a href=\"mailto:sjvs@terroir.sk\">vinspolok@gmail.com<\/a>. V\u0161etky doru\u010den\u00e9 \u017eiadosti a s\u0165a\u017enosti riadne prever\u00edme. Obr\u00e1ti\u0165 so s\u0165a\u017enos\u0165ou sa m\u00f4\u017ee aj na dozorn\u00fd org\u00e1n, ktor\u00fdm je \u00darad na ochranu osobn\u00fdch \u00fadajov Slovenskej republiky.<br \/><br \/><\/li>\n\n\n\n<li>Je na\u0161im cie\u013eom z\u00edskava\u0165 a&nbsp;sprac\u00fava\u0165 osobn\u00e9 \u00fadaje z\u00e1kazn\u00edkov v&nbsp;najmen\u0161om mo\u017enom rozsahu. Zabezpe\u010denie dodania tovarov a&nbsp;slu\u017eieb v\u0161ak bez sprac\u00favania osobn\u00fdch \u00fadajov nie je mo\u017en\u00e9. Poskytnutie minim\u00e1lneho rozsahu \u00fadajov je teda po\u017eiadavkou, ktor\u00e1 je potrebn\u00e1 na uzavretie zmluvn\u00e9ho vz\u0165ahu (\u010falej len \u201eobjedn\u00e1vky\u201c).<br \/>&nbsp;<\/li>\n\n\n\n<li>Je na\u0161im opr\u00e1vnen\u00fdm z\u00e1ujmom vedie\u0165 ak\u00fdm sp\u00f4sobom na\u0161i n\u00e1v\u0161tevn\u00edci pou\u017e\u00edvaj\u00fa na\u0161e webstr\u00e1nky a e-shop s&nbsp;cie\u013eom zlep\u0161i\u0165 mo\u017enosti a&nbsp;pohodlie ich n\u00e1v\u0161tevy a&nbsp;pou\u017e\u00edvania ako aj mo\u017enos\u0165 realiz\u00e1cie marketingovej komunik\u00e1cie. S&nbsp;t\u00fdmto z\u00e1merom vyu\u017e\u00edvame v&nbsp;minim\u00e1lnom mo\u017enom rozsahu aj n\u00e1stroje tret\u00edch str\u00e1n, ktor\u00e9 n\u00e1m to umo\u017e\u0148uj\u00fa. Ide najm\u00e4 o&nbsp;n\u00e1stroje spolo\u010dnosti Google napr. Google Analytics, IP adresy a&nbsp;cookies n\u00e1m v&nbsp;tomto pom\u00e1haj\u00fa. Cookies si kedyko\u013evek m\u00f4\u017eete vymaza\u0165 v&nbsp;nastaveniach svojho prehliada\u010da.<br \/>&nbsp;<\/li>\n\n\n\n<li>Ak z\u00e1kazn\u00edk pri vytv\u00e1ran\u00ed objedn\u00e1vky v e-shope s\u00fahlasil so sprac\u00favan\u00edm osobn\u00fdch \u00fadajov na marketingov\u00e9 \u00fa\u010dely, vykon\u00e1vame ho zasielan\u00edm e-mailov\u00fdch spr\u00e1v (napr. newsletter, alebo ponuka obdobn\u00fdch tovarov a slu\u017eieb) na kontaktn\u00fa e-mailov\u00fa adresu. Svoj s\u00fahlas m\u00f4\u017ee z\u00e1kazn\u00edk kedyko\u013evek odvola\u0165 zaslan\u00edm Odvolania so sprac\u00favan\u00edm osobn\u00fdch \u00fadajov, pri\u010dom tieto okam\u017eite blokujeme alebo likvidujeme a z na\u0161ej strany Vami poskytnut\u00e9 osobn\u00e9 \u00fadaje u\u017e nebudeme pou\u017e\u00edva\u0165 na marketingov\u00e9 \u00fa\u010dely.<br \/>&nbsp;<\/li>\n\n\n\n<li>Prev\u00e1dzkovate\u013e pre \u00fa\u010dely vr\u00e1tenia vstupn\u00e9ho z\u00edskava a spracov\u00e1va tieto osobn\u00e9 \u00fadaje a \u010fal\u0161ie \u00fadaje (v zmysle Z\u00e1kona o \u00fa\u010dtovn\u00edctve \u010d. 431\/2002 Z. z.):\n<ul class=\"wp-block-list\">\n<li>meno, priezvisko<\/li>\n\n\n\n<li>e-mail<\/li>\n\n\n\n<li>\u010d\u00edslo objedn\u00e1vky \/ variabiln\u00fd symbol<\/li>\n\n\n\n<li>\u010d\u00edslo \u00fa\u010dtu vo form\u00e1te IBAN<\/li>\n<\/ul>\n<\/li>\n<\/ul>\n","protected":false},"excerpt":{"rendered":"<p>Prev\u00e1dzkovate\u013eom informa\u010dn\u00e9ho syst\u00e9mu na spracovanie osobn\u00fdch \u00fadajov je: Sv\u00e4tojursk\u00fd vinohradn\u00edcky spolokso s\u00eddlom Ulica Dr. Kautza 11, Sv\u00e4t\u00fd Jur, 90021I\u010cO: 31804772IBAN:&nbsp;SK9509000000000181826636e-mail:&nbsp;vinspolok@gmail.com(\u010falej len \u201eprev\u00e1dzkovate\u013e\u201c). K ochrane osobn\u00fdch \u00fadajov pristupujeme ako prev\u00e1dzkovate\u013e zodpovedne, riadime sa z\u00e1sadami pri ich sprac\u00favan\u00ed a dodr\u017eiavame pr\u00e1vne predpisy o ochrane osobn\u00fdch \u00fadajov: Nariadenie&nbsp;Eur\u00f3pskeho parlamentu a Rady (E\u00da) 2016\/679 z 27. apr\u00edla 2016 o [&hellip;]<\/p>\n","protected":false},"author":1,"featured_media":0,"parent":0,"menu_order":0,"comment_status":"closed","ping_status":"closed","template":"","meta":{"footnotes":""},"class_list":["post-2130","page","type-page","status-publish","hentry","post-preview"],"_links":{"self":[{"href":"https:\/\/www.terroir.sk\/sjvs\/wp-json\/wp\/v2\/pages\/2130","targetHints":{"allow":["GET"]}}],"collection":[{"href":"https:\/\/www.terroir.sk\/sjvs\/wp-json\/wp\/v2\/pages"}],"about":[{"href":"https:\/\/www.terroir.sk\/sjvs\/wp-json\/wp\/v2\/types\/page"}],"author":[{"embeddable":true,"href":"https:\/\/www.terroir.sk\/sjvs\/wp-json\/wp\/v2\/users\/1"}],"replies":[{"embeddable":true,"href":"https:\/\/www.terroir.sk\/sjvs\/wp-json\/wp\/v2\/comments?post=2130"}],"version-history":[{"count":3,"href":"https:\/\/www.terroir.sk\/sjvs\/wp-json\/wp\/v2\/pages\/2130\/revisions"}],"predecessor-version":[{"id":2148,"href":"https:\/\/www.terroir.sk\/sjvs\/wp-json\/wp\/v2\/pages\/2130\/revisions\/2148"}],"wp:attachment":[{"href":"https:\/\/www.terroir.sk\/sjvs\/wp-json\/wp\/v2\/media?parent=2130"}],"curies":[{"name":"wp","href":"https:\/\/api.w.org\/{rel}","templated":true}]}}