{"id":2137,"date":"2022-11-30T13:39:39","date_gmt":"2022-11-30T12:39:39","guid":{"rendered":"https:\/\/www.terroir.sk\/sjvs\/?page_id=2137"},"modified":"2022-11-30T15:03:19","modified_gmt":"2022-11-30T14:03:19","slug":"reklamacny-poriadok","status":"publish","type":"page","link":"https:\/\/www.terroir.sk\/sjvs\/reklamacny-poriadok\/","title":{"rendered":"Reklama\u010dn\u00fd poriadok"},"content":{"rendered":"\n<p><strong>pre spotrebite\u013eov (zodpovednos\u0165 za chyby, z\u00e1ruka, reklam\u00e1cie)<\/strong><\/p>\n\n\n\n<p><strong>Pred\u00e1vaj\u00faci:<\/strong><strong><\/strong><\/p>\n\n\n\n<p><strong>Sv\u00e4tojursk\u00fd vinohradn\u00edcky spolok <\/strong>so s\u00eddlom Ulica Dr. Kautza 11, Sv\u00e4t\u00fd Jur, 90021, I\u010cO: 31804772, IBAN:&nbsp;SK9509000000000181826636, e-mail:&nbsp;<a href=\"mailto:sjvs@terroir.sk\">vinspolok@gmail.com<\/a>, ktor\u00fd je prev\u00e1dzkovate\u013e internetov\u00e9ho obchodu&nbsp;&nbsp;https:\/\/www.terroir.sk\/sjvs\/.&nbsp;&nbsp;&nbsp;&nbsp;&nbsp;&nbsp;&nbsp;<\/p>\n\n\n\n<p>(\u010falej len \u201ePred\u00e1vaj\u00faci\u201c)&nbsp;<\/p>\n\n\n\n<p>Org\u00e1n dozoru:<\/p>\n\n\n\n<p>In\u0161pektor\u00e1t SOI pre Bratislavsk\u00fd kraj<br \/>Bajkalsk\u00e1 21\/A, P. O. BOX \u010d. 5, 820 07&nbsp; Bratislava&nbsp;&nbsp;&nbsp;<br \/>Odbor v\u00fdkonu dozoru<br \/>tel. \u010d. 02\/58 27 21 72, 02\/58 27 21 04<br \/>fax \u010d. 02\/58 27 21 70<\/p>\n\n\n\n<p><strong>1.<\/strong>&nbsp;Pred\u00e1vaj\u00faci zodpoved\u00e1 za chyby tovaru a kupuj\u00faci je povinn\u00fd reklam\u00e1ciu bezodkladne uplatni\u0165 u Pred\u00e1vaj\u00faceho pod\u013ea tohto reklama\u010dn\u00e9ho poriadku. Inform\u00e1cie o servisn\u00fdch miestach pre z\u00e1ru\u010dn\u00fd a poz\u00e1ru\u010dn\u00fd servis s\u00fa zverejnen\u00e9 na Pred\u00e1vaj\u00faceho.<\/p>\n\n\n\n<p><strong>2.<\/strong>&nbsp;Na vybavovanie reklam\u00e1ci\u00ed sa vz\u0165ahuje tento reklama\u010dn\u00fd poriadok a Obchodn\u00e9 podmienky Pred\u00e1vaj\u00faceho pre spotrebite\u013eov.<\/p>\n\n\n\n<p><strong>3.<\/strong>&nbsp;Tento reklama\u010dn\u00fd poriadok sa vz\u0165ahuje na tovar alebo slu\u017ebu, ktor\u00e9 s\u00fa predmetom uzavretej zmluvy prostredn\u00edctvom elektronick\u00e9ho obchodu na internetovej str\u00e1nke elektronick\u00e9ho obchodu Pred\u00e1vaj\u00faceho.<\/p>\n\n\n\n<p><strong>4.<\/strong>&nbsp;Po\u010das z\u00e1ru\u010dnej doby m\u00e1 kupuj\u00faci pr\u00e1vo na bezplatn\u00e9 odstr\u00e1nenie chyby po predlo\u017een\u00ed tovaru vr\u00e1tane pr\u00edslu\u0161enstva, dokument\u00e1cie a n\u00e1vodu spolu so z\u00e1ru\u010dn\u00fdm listom alebo dokladom o k\u00fape.<\/p>\n\n\n\n<p><strong>5.<\/strong>&nbsp;Reklam\u00e1cie vybavuje Pred\u00e1vaj\u00faci v pracovn\u00fdch d\u0148och a to osobne, telefonicky, alebo p\u00edsomne. Ak tovar vykazuje vady, z\u00e1kazn\u00edk m\u00e1 pr\u00e1vo uplatni\u0165 reklam\u00e1ciu osobne v s\u00eddle Pred\u00e1vaj\u00faceho v s\u00falade s ust. \u00a7 18 ods. 2 z\u00e1kona \u010d. 250\/2007 Z. z. o ochrane spotrebite\u013ea a o zmene z\u00e1kona Slovenskej n\u00e1rodnej rady \u010d. 372\/1990 Zb. o priestupkoch v znen\u00ed neskor\u0161\u00edch predpisov (\u010falej len \u201cZ\u00e1kon\u201d) tak, \u017ee doru\u010d\u00ed tovar do s Pred\u00e1vaj\u00faceho na adresu pred\u00e1vaj\u00faceho spolu s k\u00f3piou platn\u00e9ho dokladu o zak\u00fapen\u00ed, a vypln\u00ed formul\u00e1r na uplatnenie reklam\u00e1cie a doru\u010d\u00ed ho Pred\u00e1vaj\u00facemu. Podobu formul\u00e1ra ur\u010d\u00ed Pred\u00e1vaj\u00faci a jeho vzor umiestni na svojej internetovej str\u00e1nke. Kupuj\u00faci je povinn\u00fd vo formul\u00e1ri presne ozna\u010di\u0165 druh a rozsah v\u00e1d tovaru. Reklama\u010dn\u00e9 konanie tovaru, ktor\u00fd sa d\u00e1 objekt\u00edvne doru\u010di\u0165 Pred\u00e1vaj\u00facemu za\u010d\u00edna d\u0148om, kedy s\u00fa splnen\u00e9 v\u0161etky nasleduj\u00face podmienky:<\/p>\n\n\n\n<ul class=\"wp-block-list\">\n<li>doru\u010denie vyplnen\u00e9ho formul\u00e1ra na uplatnenie reklam\u00e1cie<\/li>\n\n\n\n<li>doru\u010denie reklamovan\u00e9ho tovaru,<\/li>\n\n\n\n<li>doru\u010denie dokladu o k\u00fape tovaru alebo slu\u017eby.\u00a0<\/li>\n<\/ul>\n\n\n\n<p>Pokia\u013e kupuj\u00faci z\u00e1sielku doru\u010duje po\u0161tou, Pred\u00e1vaj\u00faci odpor\u00fa\u010da z\u00e1sielku s tovarom poisti\u0165. Tovar zaslan\u00fd na dobierku Pred\u00e1vaj\u00faci nepreber\u00e1. Pred\u00e1vaj\u00faci odpor\u00fa\u010da tovar vhodne zabali\u0165, aby po\u010das prepravy nedo\u0161lo k jeho po\u0161kodeniu. Za\u010diatok reklama\u010dn\u00e9ho konania je z\u00e1rove\u0148 d\u0148om uplatnenia reklam\u00e1cie.<\/p>\n\n\n\n<p><strong>6.<\/strong>&nbsp;Pred\u00e1vaj\u00faci vyd\u00e1 kupuj\u00facemu potvrdenie o uplatnen\u00ed reklam\u00e1cie tovaru vo forme emailovej spr\u00e1vy alebo v inej p\u00edsomnej podobe, v ktorej je povinn\u00fd presne ozna\u010di\u0165 chyby tovaru. Pred\u00e1vaj\u00faci je povinn\u00fd pou\u010di\u0165 kupuj\u00faceho o jeho pr\u00e1vach, ktor\u00e9 mu vypl\u00fdvaj\u00fa z ust. \u00a7 622 a ust. \u00a7 623 Ob\u010dianskeho z\u00e1konn\u00edka. Ak je reklam\u00e1cia uplatnen\u00e1 prostredn\u00edctvom prostriedkov dia\u013ekovej komunik\u00e1cie, Pred\u00e1vaj\u00faci je povinn\u00fd potvrdenie o uplatnen\u00ed reklam\u00e1cie doru\u010di\u0165 kupuj\u00facemu ihne\u010f; ak nie je mo\u017en\u00e9 potvrdenie doru\u010di\u0165 ihne\u010f, mus\u00ed sa doru\u010di\u0165 bez zbyto\u010dn\u00e9ho odkladu, najnesk\u00f4r v\u0161ak spolu s dokladom o vybaven\u00ed reklam\u00e1cie; potvrdenie o uplatnen\u00ed reklam\u00e1cie sa nemus\u00ed doru\u010dova\u0165, ak kupuj\u00faci m\u00e1 mo\u017enos\u0165 preuk\u00e1za\u0165 uplatnenie reklam\u00e1cie in\u00fdm sp\u00f4sobom.<\/p>\n\n\n\n<p><strong>7.<\/strong>&nbsp;Na z\u00e1klade rozhodnutia kupuj\u00faceho, ktor\u00e9 zo svojich pr\u00e1v v zmysle ust. \u00a7 622 a ust. \u00a7 623 Ob\u010dianskeho z\u00e1konn\u00edka uplat\u0148uje, je Pred\u00e1vaj\u00faci alebo ur\u010den\u00e1 osoba povinn\u00e1 ur\u010di\u0165 sp\u00f4sob vybavenia reklam\u00e1cie pod\u013ea ust. \u00a7 2 p\u00edsm. m) Z\u00e1kona (odovzdan\u00edm opraven\u00e9ho tovaru, v\u00fdmenou tovaru, vr\u00e1ten\u00edm k\u00fapnej ceny tovaru, vyplaten\u00edm primeranej z\u013eavy z ceny tovaru, p\u00edsomn\u00e1 v\u00fdzva na prevzatie plnenia alebo jej od\u00f4vodnen\u00e9 zamietnutie) ihne\u010f, v zlo\u017eitej\u0161\u00edch pr\u00edpadoch najnesk\u00f4r do 3 pracovn\u00fdch dn\u00ed odo d\u0148a uplatnenia reklam\u00e1cie, v od\u00f4vodnen\u00fdch pr\u00edpadoch, najm\u00e4 ak sa vy\u017eaduje zlo\u017eit\u00e9 technick\u00e9 zhodnotenie stavu tovaru, najnesk\u00f4r do 30 dn\u00ed odo d\u0148a uplatnenia reklam\u00e1cie. Po ur\u010den\u00ed sp\u00f4sobu vybavenia reklam\u00e1cie sa reklam\u00e1cia vybav\u00ed ihne\u010f, v od\u00f4vodnen\u00fdch pr\u00edpadoch mo\u017eno reklam\u00e1ciu vybavi\u0165 aj nesk\u00f4r; vybavenie reklam\u00e1cie v\u0161ak nesmie trva\u0165 dlh\u0161ie ako 30 dn\u00ed odo d\u0148a uplatnenia reklam\u00e1cie. Po uplynut\u00ed lehoty na vybavenie reklam\u00e1cie m\u00e1 kupuj\u00faci pr\u00e1vo od zmluvy odst\u00fapi\u0165 alebo m\u00e1 pr\u00e1vo na v\u00fdmenu tovaru za nov\u00fd tovar. O ukon\u010den\u00ed reklama\u010dn\u00e9ho konania a v\u00fdsledku reklam\u00e1cie informuje Pred\u00e1vaj\u00faci kupuj\u00faceho formou dohodnutou medzi obidvoma zmluvn\u00fdmi stranami (napr. emailovou spr\u00e1vou alebo doporu\u010den\u00fdm listom) a z\u00e1rove\u0148 bude kupuj\u00facemu spolu s tovarom doru\u010den\u00fd reklama\u010dn\u00fd protokol. Ak kupuj\u00faci reklam\u00e1ciu tovaru uplatnil po\u010das prv\u00fdch 12 mesiacov od uzavretia k\u00fapnej zmluvy, m\u00f4\u017ee Pred\u00e1vaj\u00faci vybavi\u0165 reklam\u00e1ciu zamietnut\u00edm len na z\u00e1klade odborn\u00e9ho pos\u00fadenia (\u010falej len \u201codborn\u00e9 pos\u00fadenie tovaru\u201d). Bez oh\u013eadu na v\u00fdsledok odborn\u00e9ho pos\u00fadenia nem\u00f4\u017ee Pred\u00e1vaj\u00faci od kupuj\u00faceho po\u017eadova\u0165 \u00fahradu n\u00e1kladov na odborn\u00e9 pos\u00fadenie tovaru ani in\u00e9 n\u00e1klady s\u00favisiace s odborn\u00fdm pos\u00faden\u00edm tovaru. Pred\u00e1vaj\u00faci je povinn\u00fd poskytn\u00fa\u0165 kupuj\u00facemu k\u00f3piu odborn\u00e9ho pos\u00fadenia od\u00f4vod\u0148uj\u00faceho zamietnutie reklam\u00e1cie najnesk\u00f4r do 14 dn\u00ed odo d\u0148a vybavenia reklam\u00e1cie.<\/p>\n\n\n\n<p><strong>8.<\/strong>&nbsp;Ak kupuj\u00faci reklam\u00e1ciu tovaru alebo slu\u017eby uplatnil po 12 mesiacoch od uzavretia k\u00fapnej zmluvy a Pred\u00e1vaj\u00faci ju zamietol, osoba, ktor\u00e1 reklam\u00e1ciu vybavila, je povinn\u00e1 v doklade o vybaven\u00ed reklam\u00e1cie uvies\u0165, komu m\u00f4\u017ee kupuj\u00faci zasla\u0165 tovar na odborn\u00e9 pos\u00fadenie. Ak kupuj\u00faci tovar za\u0161le na odborn\u00e9 pos\u00fadenie ur\u010denej osobe uvedenej v doklade o vybaven\u00ed reklam\u00e1cie, n\u00e1klady odborn\u00e9ho pos\u00fadenia tovaru, ako aj v\u0161etky ostatn\u00e9 s t\u00fdm s\u00favisiace \u00fa\u010delne vynalo\u017een\u00e9 n\u00e1klady zn\u00e1\u0161a Pred\u00e1vaj\u00faci bez oh\u013eadu na v\u00fdsledok odborn\u00e9ho pos\u00fadenia. Ak kupuj\u00faci odborn\u00fdm pos\u00faden\u00edm preuk\u00e1\u017ee zodpovednos\u0165 Pred\u00e1vaj\u00faceho za reklamovan\u00fa chybu tovaru, m\u00f4\u017ee reklam\u00e1ciu uplatni\u0165 znova; po\u010das vykon\u00e1vania odborn\u00e9ho pos\u00fadenia tovaru z\u00e1ru\u010dn\u00e1 doba neplynie. Pred\u00e1vaj\u00faci je povinn\u00fd kupuj\u00facemu uhradi\u0165 do 14 dn\u00ed odo d\u0148a znova uplatnenej reklam\u00e1cie v\u0161etky n\u00e1klady vynalo\u017een\u00e9 na odborn\u00e9 pos\u00fadenie tovaru, ako aj v\u0161etky s t\u00fdm s\u00favisiace \u00fa\u010delne vynalo\u017een\u00e9 n\u00e1klady. Znova uplatnen\u00fa reklam\u00e1ciu nemo\u017eno zamietnu\u0165.<\/p>\n\n\n\n<p><strong>9.&nbsp;<\/strong>N\u00e1rok na uplatnenie z\u00e1ruky u Pred\u00e1vaj\u00faceho kupuj\u00facim nevznik\u00e1 najm\u00e4:<\/p>\n\n\n\n<ul class=\"wp-block-list\">\n<li>nepredlo\u017een\u00edm dokladu o zaplaten\u00ed, dodacieho listu alebo z\u00e1ru\u010dn\u00e9ho listu a pr\u00edslu\u0161enstva tovaru,\u00a0<\/li>\n\n\n\n<li>uplynut\u00edm z\u00e1ru\u010dnej doby tovaru,<\/li>\n\n\n\n<li>mechanick\u00fdm po\u0161koden\u00edm tovaru sp\u00f4soben\u00fdm kupuj\u00facim,<\/li>\n\n\n\n<li>pou\u017e\u00edvan\u00edm tovaru v podmienkach v rozpore s n\u00e1vodom na pou\u017eitie tovaru,<\/li>\n\n\n\n<li>neodborn\u00fdm zaobch\u00e1dzan\u00edm, obsluhou alebo zanedban\u00edm starostlivosti o tovar,<\/li>\n\n\n\n<li>neodborn\u00fdm z\u00e1sahom do tovaru k tomu neopr\u00e1vnenej osoby,<\/li>\n\n\n\n<li>be\u017en\u00fdm opotreben\u00edm tovaru (alebo jeho \u010dasti) sp\u00f4soben\u00e9 pou\u017e\u00edvan\u00edm tovaru.<\/li>\n<\/ul>\n\n\n\n<p><strong>10.<\/strong>&nbsp;Pred\u00e1vaj\u00faci je povinn\u00fd vybavi\u0165 reklam\u00e1ciu a ukon\u010di\u0165 reklama\u010dn\u00e9 konanie jedn\u00fdm z nasleduj\u00facich sp\u00f4sobov:<\/p>\n\n\n\n<ul class=\"wp-block-list\">\n<li>odovzdan\u00edm opraven\u00e9ho tovaru,<\/li>\n\n\n\n<li>v\u00fdmenou tovaru,<\/li>\n\n\n\n<li>vr\u00e1ten\u00edm k\u00fapnej ceny tovaru alebo slu\u017eby,<\/li>\n\n\n\n<li>vyplaten\u00edm primeranej z\u013eavy z ceny tovaru,<\/li>\n\n\n\n<li>p\u00edsomnou v\u00fdzvou na prevzatie Pred\u00e1vaj\u00facim ur\u010den\u00e9ho plnenia,<\/li>\n\n\n\n<li>od\u00f4vodnen\u00fdm zamietnut\u00edm reklam\u00e1cie tovaru alebo slu\u017eby.<\/li>\n<\/ul>\n\n\n\n<p><strong>11.<\/strong>&nbsp;Pred\u00e1vaj\u00faci je povinn\u00fd o vybaven\u00ed reklam\u00e1cie vyda\u0165 p\u00edsomn\u00fd doklad najnesk\u00f4r do 30 dn\u00ed odo d\u0148a uplatnenia reklam\u00e1cie.<\/p>\n\n\n\n<p><strong>12.<\/strong>&nbsp;Z\u00e1ru\u010dn\u00e1 doba je 24 mesiacov (pokia\u013e nie je pre konkr\u00e9tne pr\u00edpady stanoven\u00e1 in\u00e1 z\u00e1ru\u010dn\u00e1 doba) a za\u010d\u00edna plyn\u00fa\u0165 odo d\u0148a prevzatia tovaru kupuj\u00facim.<\/p>\n\n\n\n<p><strong>13.<\/strong>&nbsp;Z\u00e1ru\u010dn\u00e1 doba sa predl\u017euje o dobu, po\u010das ktorej kupuj\u00faci nemohol pou\u017e\u00edva\u0165 tovar z d\u00f4vodu z\u00e1ru\u010dnej opravy tovaru.<\/p>\n\n\n\n<p><strong>14.<\/strong>&nbsp;V pr\u00edpade v\u00fdmeny tovaru za nov\u00fd za\u010dne plyn\u00fa\u0165 z\u00e1ru\u010dn\u00e1 doba znovu od prevzatia nov\u00e9ho tovaru, ale iba na nov\u00fd tovar. Kupuj\u00faci v takomto pr\u00edpade obdr\u017e\u00ed doklad, na ktorom bude uveden\u00fd vymenen\u00fd tovar.<\/p>\n\n\n\n<p><strong>15.<\/strong>&nbsp;Z\u00e1ru\u010dn\u00e9 opravy, ak vznikol n\u00e1rok na uplatnenie z\u00e1ruky, s\u00fa bezplatn\u00e9.<\/p>\n\n\n\n<p><strong>16.<\/strong>&nbsp;Ak ide o vadu, ktor\u00fa mo\u017eno odstr\u00e1ni\u0165, m\u00e1 kupuj\u00faci pr\u00e1vo, aby bola bezplatne, v\u010das a riadne odstr\u00e1nen\u00e1. Pred\u00e1vaj\u00faci je povinn\u00fd vadu bez zbyto\u010dn\u00e9ho odkladu odstr\u00e1ni\u0165.<\/p>\n\n\n\n<p><strong>17.<\/strong>&nbsp;Kupuj\u00faci m\u00f4\u017ee namiesto odstr\u00e1nenia vady po\u017eadova\u0165 v\u00fdmenu tovaru, alebo ak sa vada t\u00fdka len s\u00fa\u010dasti tovaru, v\u00fdmenu s\u00fa\u010dasti. Pred\u00e1vaj\u00faci m\u00f4\u017ee vybavi\u0165 reklam\u00e1ciu t\u00fdmto sp\u00f4sobom len ak mu t\u00fdm nevznikn\u00fa neprimeran\u00e9 n\u00e1klady vzh\u013eadom na cenu tovaru alebo z\u00e1va\u017enos\u0165 vady.<\/p>\n\n\n\n<p><strong>18.<\/strong>&nbsp;Pred\u00e1vaj\u00faci m\u00f4\u017ee v\u017edy namiesto odstr\u00e1nenia vady vymeni\u0165 vadn\u00fa vec za bezvadn\u00fa, ak to kupuj\u00facemu nesp\u00f4sob\u00ed z\u00e1va\u017en\u00e9 \u0165a\u017ekosti.<\/p>\n\n\n\n<p><strong>19.<\/strong>&nbsp;Ak ide o vadu tovaru, ktor\u00fa nemo\u017eno odstr\u00e1ni\u0165 a ktor\u00e1 br\u00e1ni tomu, aby sa tovar mohol riadne u\u017e\u00edva\u0165 ako tovar bez vady, m\u00e1 kupuj\u00faci pr\u00e1vo na v\u00fdmenu tovaru alebo m\u00e1 pr\u00e1vo od zmluvy odst\u00fapi\u0165. To ist\u00e9 pr\u00e1vo prisl\u00facha kupuj\u00facemu, ak ide s\u00edce o odstr\u00e1nite\u013en\u00e9 vady, ak v\u0161ak kupuj\u00faci nem\u00f4\u017ee pre op\u00e4tovn\u00e9 vyskytnutie sa vady po oprave alebo pre v\u00e4\u010d\u0161\u00ed po\u010det v\u00e1d vec riadne u\u017e\u00edva\u0165.<\/p>\n\n\n\n<p><strong>20.<\/strong>&nbsp;Ak ide o in\u00e9 neodstr\u00e1nite\u013en\u00e9 vady, m\u00e1 kupuj\u00faci pr\u00e1vo na primeran\u00fa z\u013eavu z ceny tovaru.<\/p>\n\n\n\n<p><strong>21.<\/strong>&nbsp;Vybavenie reklam\u00e1cie sa vz\u0165ahuje len na chyby a vady pop\u00edsan\u00e9 kupuj\u00facim v reklama\u010dnom formul\u00e1ri na uplatnenie reklam\u00e1cie.<\/p>\n\n\n\n<p><strong>22.<\/strong>&nbsp;Ak Pred\u00e1vaj\u00faci vybav\u00ed reklam\u00e1ciu od\u00f4vodnen\u00fdm zamietnut\u00edm reklam\u00e1cie, a kupuj\u00faci sa domnieva, \u017ee chyba tovaru st\u00e1le jestvuje a nebola odstr\u00e1nen\u00e1, m\u00f4\u017ee si kupuj\u00faci uplatni\u0165 svoje pr\u00e1vo na odstr\u00e1nenie chyby tovaru prostredn\u00edctvom s\u00fadu.<\/p>\n","protected":false},"excerpt":{"rendered":"<p>pre spotrebite\u013eov (zodpovednos\u0165 za chyby, z\u00e1ruka, reklam\u00e1cie) Pred\u00e1vaj\u00faci: Sv\u00e4tojursk\u00fd vinohradn\u00edcky spolok so s\u00eddlom Ulica Dr. Kautza 11, Sv\u00e4t\u00fd Jur, 90021, I\u010cO: 31804772, IBAN:&nbsp;SK9509000000000181826636, e-mail:&nbsp;vinspolok@gmail.com, ktor\u00fd je prev\u00e1dzkovate\u013e internetov\u00e9ho obchodu&nbsp;&nbsp;https:\/\/www.terroir.sk\/sjvs\/.&nbsp;&nbsp;&nbsp;&nbsp;&nbsp;&nbsp;&nbsp; (\u010falej len \u201ePred\u00e1vaj\u00faci\u201c)&nbsp; Org\u00e1n dozoru: In\u0161pektor\u00e1t SOI pre Bratislavsk\u00fd krajBajkalsk\u00e1 21\/A, P. O. BOX \u010d. 5, 820 07&nbsp; Bratislava&nbsp;&nbsp;&nbsp;Odbor v\u00fdkonu dozorutel. \u010d. 02\/58 27 21 72, [&hellip;]<\/p>\n","protected":false},"author":1,"featured_media":0,"parent":0,"menu_order":0,"comment_status":"closed","ping_status":"closed","template":"","meta":{"footnotes":""},"class_list":["post-2137","page","type-page","status-publish","hentry","post-preview"],"_links":{"self":[{"href":"https:\/\/www.terroir.sk\/sjvs\/wp-json\/wp\/v2\/pages\/2137","targetHints":{"allow":["GET"]}}],"collection":[{"href":"https:\/\/www.terroir.sk\/sjvs\/wp-json\/wp\/v2\/pages"}],"about":[{"href":"https:\/\/www.terroir.sk\/sjvs\/wp-json\/wp\/v2\/types\/page"}],"author":[{"embeddable":true,"href":"https:\/\/www.terroir.sk\/sjvs\/wp-json\/wp\/v2\/users\/1"}],"replies":[{"embeddable":true,"href":"https:\/\/www.terroir.sk\/sjvs\/wp-json\/wp\/v2\/comments?post=2137"}],"version-history":[{"count":2,"href":"https:\/\/www.terroir.sk\/sjvs\/wp-json\/wp\/v2\/pages\/2137\/revisions"}],"predecessor-version":[{"id":2150,"href":"https:\/\/www.terroir.sk\/sjvs\/wp-json\/wp\/v2\/pages\/2137\/revisions\/2150"}],"wp:attachment":[{"href":"https:\/\/www.terroir.sk\/sjvs\/wp-json\/wp\/v2\/media?parent=2137"}],"curies":[{"name":"wp","href":"https:\/\/api.w.org\/{rel}","templated":true}]}}