{"id":2144,"date":"2022-11-30T13:46:08","date_gmt":"2022-11-30T12:46:08","guid":{"rendered":"https:\/\/www.terroir.sk\/sjvs\/?page_id=2144"},"modified":"2022-11-30T14:53:26","modified_gmt":"2022-11-30T13:53:26","slug":"vseobecne-obchodne-podmienky","status":"publish","type":"page","link":"https:\/\/www.terroir.sk\/sjvs\/vseobecne-obchodne-podmienky\/","title":{"rendered":"V\u0161eobecn\u00e9 obchodn\u00e9 podmienky"},"content":{"rendered":"\n<p><strong>1. V\u0160EOBECN\u00c9 USTANOVENIA<\/strong><\/p>\n\n\n\n<p>Tieto v\u0161eobecn\u00e9 obchodn\u00e9 podmienky upravuj\u00fa pr\u00e1va a povinnosti ob\u010dianskeho zdru\u017eenia<br \/><strong>Sv\u00e4tojursk\u00fd vinohradn\u00edcky spolok<\/strong><br \/>so s\u00eddlom Ulica Dr. Kautza 11, Sv\u00e4t\u00fd Jur, 90021.<br \/>I\u010cO: 31804772<br \/>IBAN:\u00a0SK9509000000000181826636<br \/>e-mail:\u00a0<a href=\"mailto:sjvs@terroir.sk\">vinspolok@gmail.com<\/a><br \/>\u00a0(\u010falej aj ako \u201cpred\u00e1vaj\u00faci\u201d) a kupuj\u00faceho.\u00a0<\/p>\n\n\n\n<p>Pred\u00e1vaj\u00faci je prev\u00e1dzkovate\u013e internetov\u00e9ho obchodu&nbsp;https:\/\/www.terroir.sk\/sjvs\/.&nbsp;&nbsp;&nbsp;&nbsp;&nbsp;&nbsp;&nbsp;&nbsp;&nbsp;&nbsp;&nbsp;<\/p>\n\n\n\n<p>Kupuj\u00facim je fyzick\u00e1 alebo pr\u00e1vnick\u00e1 osoba, ktor\u00e1 sa registruje prostredn\u00edctvom internetov\u00e9ho obchodu pred\u00e1vaj\u00faceho alebo si prostredn\u00edctvom neho objedn\u00e1 tovar alebo slu\u017ebu (\u010falej aj ako \u201ekupuj\u00faci\u201c).<\/p>\n\n\n\n<p>Pou\u017e\u00edvan\u00edm internetov\u00e9ho obchodu pred\u00e1vaj\u00faceho a potvrden\u00edm objedn\u00e1vky d\u00e1va kupuj\u00faci s\u00fahlas s t\u00fdmito obchodn\u00fdmi podmienkami.<\/p>\n\n\n\n<p>Org\u00e1n dozoru:&nbsp;&nbsp;<br \/>In\u0161pektor\u00e1t SOI pre Bratislavsk\u00fd kraj<br \/>Bajkalsk\u00e1 21\/A, P. O. BOX \u010d. 5, 820 07&nbsp; Bratislava&nbsp;&nbsp;&nbsp;<br \/>Odbor v\u00fdkonu dozoru<br \/>tel. \u010d. 02\/58 27 21 72, 02\/58 27 21 04<br \/>fax \u010d. 02\/58 27 21 70<\/p>\n\n\n\n<p><strong>2. OBJEDN\u00c1VKA<\/strong><\/p>\n\n\n\n<p>2.1. Kupuj\u00faci objedn\u00e1va tovar alebo slu\u017ebu prostredn\u00edctvom internetov\u00e9ho obchodu pred\u00e1vaj\u00faceho, telefonicky alebo mailom. Takto vykonan\u00e1 objedn\u00e1vka sa pova\u017euje za z\u00e1v\u00e4zn\u00fa a je v s\u00falade so Z\u00e1konom o ochrane spotrebite\u013ea pri podomovom predaji a z\u00e1sielkovom predaji v znen\u00ed neskor\u0161\u00edch zmien a predpisov ch\u00e1pan\u00e1 ako zmluva uzavieran\u00e1 na dia\u013eku.<br \/>2.2. Pri ka\u017edej objedn\u00e1vke mus\u00ed kupuj\u00faci uvies\u0165 meno a priezvisko, dodaciu a faktura\u010dn\u00fa adresu, telef\u00f3nne \u010d\u00edslo, e-mail; fyzick\u00e1 a pr\u00e1vnick\u00e1 osoba podnikate\u013e aj I\u010cO, DI\u010c, I\u010c DPH, n\u00e1zov tovaru, po\u010det kusov.<\/p>\n\n\n\n<p>Tieto \u00fadaje bud\u00fa v zmysle Z\u00e1kona o ochrane osobn\u00fdch \u00fadajov pou\u017eit\u00e9 iba v r\u00e1mci obchodn\u00e9ho vz\u0165ahu medzi pred\u00e1vaj\u00facim a kupuj\u00facim a nebud\u00fa poskytnut\u00e9 tretej osobe (s v\u00fdnimkou osoby zabezpe\u010duj\u00facej prepravu tovaru a \u00fa\u010dtovnej firmy zabezpe\u010duj\u00facej spracovanie \u00fa\u010dtovn\u00edctva). Viac o nakladan\u00ed s osobn\u00fdmi \u00fadajmi n\u00e1jdete v&nbsp;<a href=\"https:\/\/www.terroir.sk\/sjvs\/pravidla-ochrany-osobnych-udajov\/\">Pravidl\u00e1 ochrany osobn\u00fdch \u00fadajov<\/a>.<\/p>\n\n\n\n<p>&nbsp;2.3. Po doru\u010den\u00ed objedn\u00e1vky bude t\u00e1to objedn\u00e1vka zaevidovan\u00e1 v syst\u00e9me pred\u00e1vaj\u00faceho a vtedy z\u00e1rove\u0148 vznik\u00e1 obchodn\u00fd vz\u0165ah medzi pred\u00e1vaj\u00facim a kupuj\u00facim. Najnesk\u00f4r do 24 hod\u00edn (v pracovn\u00e9 dni) pred\u00e1vaj\u00faci over\u00ed objedn\u00e1vku, sp\u00f4sob dopravy a ozn\u00e1mi mo\u017en\u00fa dodaciu dobu alebo term\u00edn odberu, kone\u010dn\u00fa cenu a sp\u00f4sob \u00fahrady. Od tohto term\u00ednu je objedn\u00e1vka pre kupuj\u00faceho z\u00e1v\u00e4zn\u00e1.<\/p>\n\n\n\n<p>2.4.&nbsp; Kupuj\u00faci m\u00e1 pr\u00e1vo stornova\u0165 objedn\u00e1vku bez poplatku do 24 hod\u00edn od objednania tovaru alebo slu\u017eby bez udania d\u00f4vodu. Potvrdenie stornovania ozn\u00e1mi pred\u00e1vaj\u00faci kupuj\u00facemu p\u00edsomnou formou.<\/p>\n\n\n\n<p>2.5. V pr\u00edpade ak pred\u00e1vaj\u00faci nevie doda\u0165 objednan\u00fd tovar alebo slu\u017ebu, m\u00e1 pr\u00e1vo tak\u00fato objedn\u00e1vku zru\u0161i\u0165. Pokia\u013e u\u017e bola suma za objednan\u00fd tovar alebo slu\u017ebu uhraden\u00e1, za\u0161le ju pred\u00e1vaj\u00faci kupuj\u00facemu nasp\u00e4\u0165 bankov\u00fdm prevodom.<\/p>\n\n\n\n<p>Podmienkou platnosti elektronickej objedn\u00e1vky je jej pravdiv\u00e9 a \u00fapln\u00e9 vyplnenie. Odoslan\u00e1 objedn\u00e1vka je n\u00e1vrhom k\u00fapnej zmluvy. K\u00fapna zmluva vznik\u00e1 potvrden\u00edm objedn\u00e1vky pred\u00e1vaj\u00facim prostredn\u00edctvom e-mailu.<br \/><br \/>Odoslan\u00edm elektronickej objedn\u00e1vky kupuj\u00faci z\u00e1v\u00e4zne potvrdzuje, \u017ee sa obozn\u00e1mil s t\u00fdmito obchodn\u00fdmi podmienkami, a \u017ee s nimi s\u00fahlas\u00ed. Odoslan\u00edm elektronickej objedn\u00e1vky kupuj\u00faci akceptuje v\u0161etky ustanovenia obchodn\u00fdch podmienok v znen\u00ed platnom v de\u0148 odoslania tejto objedn\u00e1vky, taktie\u017e i platn\u00fa cenu objednan\u00e9ho tovaru alebo slu\u017eby uveden\u00fa na internetovej str\u00e1nke. Vlastn\u00edcke pr\u00e1vo k tovaru prech\u00e1dza na kupuj\u00faceho jeho prevzat\u00edm a zaplaten\u00edm k\u00fapnej ceny.&nbsp;<\/p>\n\n\n\n<p><strong>3. DODACIE PODMIENKY<br \/><\/strong><br \/>3.1. Dodacie lehoty s\u00fa pre r\u00f4zne druhy tovaru r\u00f4zne. Term\u00edn dod\u00e1vky alebo odberu tovaru bude v\u017edy ozn\u00e1men\u00fd kupuj\u00facemu pri overovan\u00ed objedn\u00e1vky.<\/p>\n\n\n\n<p>3.2. Vo v\u0161eobecnosti je term\u00edn dod\u00e1vky alebo odberu tovaru od 3 do 10 dn\u00ed od d\u00e1tumu overenia objedn\u00e1vky.<\/p>\n\n\n\n<p>3.3. Vo v\u00fdnimo\u010dn\u00fdch pr\u00edpadoch, ke\u010f niektor\u00e9 druhy tovarov nie s\u00fa skladom, a nie s\u00fa k dispoz\u00edcii ani u v\u00fdrobcov a dovozcov m\u00f4\u017ee by\u0165 dodacia lehota dlh\u0161ia, v takom pr\u00edpade informujeme o tom kupuj\u00faceho s mo\u017enos\u0165ami \u010diasto\u010dn\u00fdch dod\u00e1vok.<\/p>\n\n\n\n<p>3.4. Pred\u00e1vaj\u00faci realizuje dopravu ku kupuj\u00facemu prostredn\u00edctvom:<br \/><strong>&nbsp; &nbsp; &nbsp; a. slovensk\u00e1 po\u0161ta<br \/>&nbsp; &nbsp; &nbsp; b. kuri\u00e9rska spolo\u010dnos\u0165<\/strong><\/p>\n\n\n\n<p>3.5. Dodanie slu\u017eby sa realizuje uskuto\u010dnen\u00edm objedn\u00e1vky vstupenky na konkr\u00e9tne podujatie ur\u010den\u00e9 n\u00e1zvom a d\u00e1tumom a vstupenka sa doru\u010duje elektronicky po prijat\u00ed platby na \u00fa\u010det pred\u00e1vaj\u00faceho alebo zak\u00fapen\u00edm vstupenky priamo na mieste konania podujatia.<\/p>\n\n\n\n<p><strong>4. CENA, PLATOBN\u00c9 PODMIENKY A PREPRAVN\u00c9<\/strong><\/p>\n\n\n\n<p>4.1. Cena tovaru alebo slu\u017eby je uveden\u00e1 na str\u00e1nke pred\u00e1vaj\u00faceho. Ceny m\u00f4\u017eu podlieha\u0165 zmen\u00e1m. Pred\u00e1vaj\u00faci si vyhradzuje pr\u00e1vo zmeny cien v nadv\u00e4znosti na zmeny cien v\u00fdrobcov a dovozcov. Platn\u00e1 cena tovaru bude v\u017edy ozn\u00e1men\u00e1 pri overovan\u00ed objedn\u00e1vky.<\/p>\n\n\n\n<p>4.2. Kupuj\u00faci uhr\u00e1dza platbu v hotovosti, prevodom na \u00fa\u010det pred\u00e1vaj\u00faceho, alebo elektronickou platbou pod\u013ea mo\u017enosti uveden\u00fdch v procese objedn\u00e1vky alebo po\u010das podujatia a v\u00fdberu kupuj\u00faceho.<\/p>\n\n\n\n<p>4.3. Pri odovzd\u00e1van\u00ed tovaru plat\u00ed kupuj\u00faci cenu za tovar + dopravn\u00e9 a pr\u00edpadne cenu dobierky.<\/p>\n\n\n\n<p>4.4. Sp\u00f4sob dopravy si vol\u00ed kupuj\u00faci s\u00e1m pri vytv\u00e1ran\u00ed objedn\u00e1vky v internetovom obchode pred\u00e1vaj\u00faceho alebo pri inom sp\u00f4sobe komunik\u00e1cie.&nbsp;<\/p>\n\n\n\n<p>4.5. V\u00fd\u0161ka n\u00e1kladov na dopravu bude v\u017edy ozn\u00e1men\u00e1 kupuj\u00facemu pri overovan\u00ed objedn\u00e1vky.<\/p>\n\n\n\n<p><strong>5. PREBERANIE TOVARU<\/strong><\/p>\n\n\n\n<p>5.1. Kupuj\u00faci sa zav\u00e4zuje prevzia\u0165 tovar v dohodnutom term\u00edne na adrese uvedenej na objedn\u00e1vke.<\/p>\n\n\n\n<p>5.2. Pri preberan\u00ed tovaru je kupuj\u00faci povinn\u00fd skontrolova\u0165 fyzick\u00fa neporu\u0161enos\u0165 a kompletnos\u0165 z\u00e1sielky. Pokia\u013e je z\u00e1sielka vidite\u013ene po\u0161koden\u00e1 a zni\u010den\u00e1, kupuj\u00faci je povinn\u00fd bez prevzatia z\u00e1sielky ihne\u010f kontaktova\u0165 pred\u00e1vaj\u00faceho a so zasielate\u013eskou spolo\u010dnos\u0165ou sp\u00edsa\u0165 Z\u00e1pis o \u0161kode na z\u00e1sielke. Ak\u00e9ko\u013evek neskor\u0161ie reklam\u00e1cie na mno\u017estvo a fyzick\u00e9 poru\u0161enie tovaru nebud\u00fa akceptovan\u00e9.<\/p>\n\n\n\n<p>5.3. Kupuj\u00faci nadob\u00fada vlastn\u00edcke pr\u00e1va k tovaru a\u017e uhraden\u00edm plnej ceny a \u010fal\u0161\u00edch pe\u0148a\u017en\u00fdch \u010diastok dohodnut\u00fdch v k\u00fapnej zmluve na dia\u013eku na \u00fa\u010det pred\u00e1vaj\u00faceho. Do doby prechodu vlastn\u00edckych pr\u00e1v z pred\u00e1vaj\u00faceho na kupuj\u00faceho, ktor\u00fd m\u00e1 tovar v dr\u017ebe, m\u00e1 kupuj\u00faci v\u0161etky povinnosti uschov\u00e1vate\u013ea vec\u00ed a je povinn\u00fd tovar na vlastn\u00e9 n\u00e1klady bezpe\u010dne uschova\u0165 a ozna\u010di\u0165 ich tak, aby boli za ka\u017ed\u00fdch okolnost\u00ed identifikovate\u013en\u00e9 ako tovar pred\u00e1vaj\u00faceho.<\/p>\n\n\n\n<p>5.4. Pred\u00e1vaj\u00faci je opr\u00e1vnen\u00fd po\u017eadova\u0165 splnenie z\u00e1v\u00e4zkov, najm\u00e4 uhradenie ceny za tovar a to bez oh\u013eadu na to, \u017ee vlastn\u00edctvo k tovaru e\u0161te nepre\u0161lo na kupuj\u00faceho.<\/p>\n\n\n\n<p>5.5. Nebezpe\u010denstvo \u0161kody na tovare prech\u00e1dza na kupuj\u00faceho momentom prevzatia kupuj\u00facim alebo jeho splnomocnencom.<\/p>\n\n\n\n<p><strong>&nbsp;6. ODST\u00daPENIE OD ZMLUVY<\/strong><\/p>\n\n\n\n<p>6.1. Kupuj\u00faci je opr\u00e1vnen\u00fd bez uvedenia d\u00f4vodu odst\u00fapi\u0165 od zmluvy do 14 pracovn\u00fdch dn\u00ed odo d\u0148a prevzatia tovaru. Odst\u00fapenie od zmluvy mus\u00ed by\u0165 uskuto\u010dnen\u00e9 p\u00edsomnou formou, mus\u00ed obsahova\u0165 v\u0161etky \u00fadaje sl\u00fa\u017eiace k identifik\u00e1cii tovaru mus\u00ed by\u0165 vo vy\u0161\u0161ie uvedenej lehote doru\u010den\u00e9 spolu s tovarom na adresu pred\u00e1vaj\u00faceho resp. in\u00fa, ktor\u00fa pred\u00e1vaj\u00faci ur\u010d\u00ed.&nbsp;<\/p>\n\n\n\n<p>6.2. Tovar nesmie by\u0165 po\u0161koden\u00fd, pou\u017e\u00edvan\u00fd, mus\u00ed by\u0165 v p\u00f4vodnom obale a spolu s tovarom mus\u00ed kupuj\u00faci odovzda\u0165 v\u0161etky dokumenty t\u00fdkaj\u00face sa predmetn\u00e9ho tovaru (n\u00e1vod na obsluhu, z\u00e1ru\u010dn\u00fd list, doklad o nadobudnut\u00ed a pod.), ktor\u00e9 obdr\u017eal pri jeho k\u00fape. Kupuj\u00faci s\u00fahlas\u00ed a berie na vedomie, \u017ee p\u00edsomnou formou sa v tomto pr\u00edpade rozumie listina o odst\u00fapen\u00ed od k\u00fapnej zmluvy podp\u00edsan\u00e1 kupuj\u00facim.<\/p>\n\n\n\n<p>Tovar sa nevracia na dobierku. Takto zaslan\u00fd tovar sa neprij\u00edma a vracia sp\u00e4\u0165.&nbsp;<\/p>\n\n\n\n<p>6.3. Pri dodr\u017ean\u00ed vy\u0161\u0161ie uveden\u00fdch povinnost\u00ed kupuj\u00faceho, pred\u00e1vaj\u00faci prevezme tovar sp\u00e4\u0165 a do 15 dn\u00ed odo d\u0148a odst\u00fapenia zmluvy cenu zaplaten\u00fa za tovar alebo preddavok, ktor\u00fd kupuj\u00faci uhradil za tovar, vr\u00e1ti kupuj\u00facemu vopred dohodnut\u00fdm sp\u00f4sobom sp\u00e4\u0165.<\/p>\n\n\n\n<p>6.4. Kupuj\u00faci nem\u00f4\u017ee odst\u00fapi\u0165 od k\u00fapnej zmluvy uzavretej na dia\u013eku najm\u00e4 v nasledovn\u00fdch pr\u00edpadoch:<\/p>\n\n\n\n<p>a) ak ide o zmluvu, ktorej s\u00fa\u010das\u0165ou je aj poskytnutie slu\u017eby, ak sa slu\u017eba za\u010dala plni\u0165 so s\u00fahlasom kupuj\u00faceho pred uplynut\u00edm lehoty na odst\u00fapenie od zmluvy<\/p>\n\n\n\n<p>b) ak ide o zmluvu, ktorej predmetom je predaj tovaru alebo slu\u017eieb, ktor\u00fdch cena z\u00e1vis\u00ed od pohybu cien na finan\u010dnom trhu, ktor\u00e9 pred\u00e1vaj\u00faci nem\u00f4\u017ee ovplyvni\u0165<\/p>\n\n\n\n<p>c) ak ide o zmluvu, ktorej predmetom je predaj tovaru zhotoven\u00e9ho pod\u013ea osobit\u00fdch po\u017eiadaviek kupuj\u00faceho alebo tovaru ur\u010den\u00e9ho osobitne pre jedn\u00e9ho kupuj\u00faceho, alebo tovaru, ktor\u00fd vzh\u013eadom na jeho vlastnosti nemo\u017eno vr\u00e1ti\u0165<\/p>\n\n\n\n<p>6.5. Pred\u00e1vaj\u00faci si vyhradzuje pr\u00e1vo zru\u0161i\u0165 objedn\u00e1vku (odst\u00fapi\u0165 od zmluvy) alebo jej \u010das\u0165 ak:<br \/>a) tovar sa nevyr\u00e1ba alebo sa prestal vyr\u00e1ba\u0165<br \/>b) zmenila sa cena dod\u00e1vate\u013ea tovaru<br \/>c) vystaven\u00e1 cena tovaru bola chybn\u00e1<\/p>\n\n\n\n<p>6.6. Pr\u00e1vo na odst\u00fapenie od zmluvy sa neuplat\u0148uje pre tovary a slu\u017eby, ktor\u00e9 s\u00fa vymedzen\u00e9 v \u00a77 ods. 6 p\u00edsm. a) a\u017e l) z\u00e1kona \u010d. 102\/2014. Z.z.<\/p>\n\n\n\n<p>6.7 Vzh\u013eadom na skuto\u010dnos\u0165, \u017ee pred\u00e1vaj\u00faci umo\u017e\u0148uje na tejto str\u00e1nke aj n\u00e1kup vstupeniek, tieto nie je mo\u017en\u00e9 vr\u00e1ti\u0165 v lehote 14 dn\u00ed odo d\u0148a ich doru\u010denia a to v s\u00falade s vy\u0161\u0161ie uveden\u00fdm z\u00e1konom. Konkr\u00e9tne pod\u013ea \u00a7 7 ods. 6 Z\u00e1kona \u010d. 102\/2014 Z.z., od zmluvy nie je mo\u017en\u00e9 odst\u00fapi\u0165 aj v pr\u00edpade ak predmetom dodania je poskytnutie slu\u017eieb s \u010dinnos\u0165ami v r\u00e1mci vo\u013en\u00e9ho \u010dasu a pod\u013ea ktorej sa pred\u00e1vaj\u00faci zav\u00e4zuje poskytn\u00fa\u0165 tieto slu\u017eby v dohodnutom \u010dase alebo v dohodnutej lehote.&nbsp;<\/p>\n\n\n\n<p>6.8 V s\u00favislosti s v\u00fdskytom ochorenia COVID-19 v pr\u00edpade, ak opatrenia \u00daradu verejn\u00e9ho zdravotn\u00edctva neumo\u017enia uskuto\u010dnenie podujatia v&nbsp;term\u00edne uvedenom na vstupenke zak\u00fapen\u00e9 vstupenky bud\u00fa automaticky prenesen\u00e9 na nasleduj\u00faci ro\u010dn\u00edk podujatia.<\/p>\n\n\n\n<p><strong>7. Z\u00c1RUKA A SERVIS<\/strong><\/p>\n\n\n\n<p>7.1. Konkr\u00e9tne z\u00e1ru\u010dn\u00e9 a servisn\u00e9 podmienky s\u00fa uveden\u00e9 v pr\u00edslu\u0161n\u00fdch z\u00e1ru\u010dn\u00fdch listoch &nbsp;391\/2015 Z.z. vybran\u00fdch tovarov, ktor\u00e9 kupuj\u00faci obdr\u017e\u00ed pri k\u00fape tovaru.<\/p>\n\n\n\n<p>7.2. Vo v\u0161eobecnosti, pokia\u013e v z\u00e1ru\u010dn\u00fdch listoch nie je uveden\u00e9 inak, je z\u00e1ru\u010dn\u00e1 doba pre plnenie spotrebite\u013esk\u00fdch zml\u00fav stanoven\u00e1 na minim\u00e1lne 24 mesiacov alebo zhora ohrani\u010den\u00e1 d\u00e1tumom spotreby tovaru. Kupuj\u00facim je v tomto pr\u00edpade osoba, ktor\u00e1 nekon\u00e1 v r\u00e1mci predmetu svojej obchodnej alebo inej podnikate\u013eskej \u010dinnosti. Reklamova\u0165 je mo\u017en\u00e9 len tovar zak\u00fapen\u00fd a zaplaten\u00fd u pred\u00e1vaj\u00faceho. Pri uplatnen\u00ed reklam\u00e1cie je kupuj\u00faci povinn\u00fd doru\u010di\u0165 (pokia\u013e to charakter tovaru umo\u017e\u0148uje \u2013 zastavan\u00fd tovar) reklamovan\u00fd tovar \u010dist\u00fd, mechanicky nepo\u0161koden\u00fd, v origin\u00e1lnom balen\u00ed, vr\u00e1tane manu\u00e1lov, z\u00e1ru\u010dn\u00e9ho listu, fakt\u00fary alebo in\u00e9ho dokladu o zaplaten\u00ed tovaru pred\u00e1vaj\u00facemu. Pri uplatnen\u00ed reklam\u00e1cie sa kupuj\u00faci riadi pokynmi uveden\u00fdmi v z\u00e1ru\u010dnom liste.<\/p>\n\n\n\n<p>7.3. Opr\u00e1vnenie na z\u00e1ruku zanik\u00e1 v pr\u00edpade, \u017ee k chybe do\u0161lo mechanick\u00fdm po\u0161koden\u00edm v\u00fdrobku, prev\u00e1dzkovan\u00edm v\u00fdrobku v nevhodn\u00fdch podmienkach, neodbornou mont\u00e1\u017eou, nedodr\u017ean\u00edm pr\u00edslu\u0161n\u00fdch noriem zo strany kupuj\u00faceho alebo osoby, ktor\u00e1 kupuj\u00facemu mont\u00e1\u017e vykon\u00e1vala, alebo ak bol preveden\u00fd z\u00e1sah do v\u00fdrobku inou ne\u017e opr\u00e1vnenou osobou. Zo z\u00e1ruky s\u00fa tie\u017e vy\u0148at\u00e9 chyby sp\u00f4soben\u00e9 \u017eivelnou pohromou a nespr\u00e1vnym zaobch\u00e1dzan\u00edm.<\/p>\n\n\n\n<p>7.4. V pr\u00edpade uplat\u0148ovania reklam\u00e1cie sa odpor\u00fa\u010da kupuj\u00facemu telefonicky ozn\u00e1mi\u0165 pred\u00e1vaj\u00facemu, \u017ee dan\u00fd tovar alebo slu\u017eba vykazuje chybu a ak\u00fdm sp\u00f4sobom sa prejavila. Na z\u00e1klade t\u00fdchto inform\u00e1ci\u00ed sa odporu\u010d\u00ed kupuj\u00facemu \u010fal\u0161\u00ed postup pri vybavovan\u00ed reklam\u00e1cie.<\/p>\n\n\n\n<p>7.5. Viac o reklam\u00e1ci\u00e1ch upravuje&nbsp;<strong><a href=\"https:\/\/www.terroir.sk\/sjvs\/reklamacny-poriadok\/\">Reklama\u010dn\u00fd poriadok<\/a><\/strong>.<\/p>\n\n\n\n<p><strong>8. Z\u00c1VERE\u010cN\u00c9 USTANOVENIA<\/strong><\/p>\n\n\n\n<p>8.1. Pred\u00e1vaj\u00faci si vyhradzuje pr\u00e1vo zmeny ceny. Pri zmene ceny pred\u00e1vaj\u00faci kontaktuje kupuj\u00faceho. Kupuj\u00faci m\u00e1 pr\u00e1vo pri takto upraven\u00fdch cen\u00e1ch objedn\u00e1vku stornova\u0165.<\/p>\n\n\n\n<p>8.3. Kupuj\u00faci prehlasuje, \u017ee pred vyplnen\u00edm alebo ozn\u00e1men\u00edm objedn\u00e1vky sa obozn\u00e1mil s t\u00fdmito v\u0161eobecn\u00fdmi obchodn\u00fdmi podmienkami a \u017ee s nimi s\u00fahlas\u00ed.&nbsp;<\/p>\n\n\n\n<p>8.4. Bez oh\u013eadu na ostatn\u00e9 ustanovenia zmluvy, pred\u00e1vaj\u00faci nezodpoved\u00e1 kupuj\u00facemu za u\u0161l\u00fd zisk, stratu pr\u00edle\u017eitost\u00ed alebo \u017eiadne in\u00e9 nepriame alebo n\u00e1sledn\u00e9 straty v d\u00f4sledku nedbalosti, poru\u0161enia zmluvy alebo vzniknut\u00e9 in\u00fdm sp\u00f4sobom.<\/p>\n\n\n\n<p>8.5. Tieto v\u0161eobecn\u00e9 obchodn\u00e9 podmienky boli formulovan\u00e9 a ustanoven\u00e9 v dobrej viere, za \u00fa\u010delom splnenia z\u00e1konn\u00fdch podmienok a \u00faprav korektn\u00fdch obchodn\u00fdch vz\u0165ahov medzi pred\u00e1vaj\u00facim a kupuj\u00facim. V pr\u00edpade, ak sa preuk\u00e1\u017eu kompetentn\u00fdm org\u00e1nom Slovenskej republiky niektor\u00e9 ustanovenia t\u00fdchto podmienok ako neplatn\u00e9 alebo nevyn\u00fatite\u013en\u00e9, a to celkom alebo \u010diasto\u010dne, platnos\u0165 a vyn\u00fatite\u013enos\u0165 ostatn\u00fdch ustanoven\u00ed a zvy\u0161n\u00e9 \u010dasti pr\u00edslu\u0161n\u00e9ho ustanovenia t\u00fdm zost\u00e1vaj\u00fa nedotknut\u00e9.<\/p>\n\n\n\n<p>8.6. Pr\u00e1va kupuj\u00faceho (spotrebite\u013ea) vo vz\u0165ahu k pred\u00e1vaj\u00facemu vypl\u00fdvaj\u00face zo z\u00e1kona o ochrane spotrebite\u013ea \u010d. 634\/1992 Zb. v znen\u00ed neskor\u0161\u00edch zmien a predpisov a z\u00e1kona o ochrane spotrebite\u013ea pri podomovom predaji a z\u00e1sielkovom predaji \u010d. 108\/2000 Z.z v znen\u00ed neskor\u0161\u00edch zmien a predpisov, zost\u00e1vaj\u00fa t\u00fdmito podmienkami nedotknut\u00e9.<\/p>\n\n\n\n<p>Pr\u00e1vne vz\u0165ahy a podmienky tu v\u00fdslovne neupraven\u00e9 ako aj pr\u00edpadn\u00e9 spory vzniknut\u00e9 z neplnenia t\u00fdchto podmienok sa riadia pr\u00edslu\u0161n\u00fdmi ustanoveniami Obchodn\u00e9ho alebo Ob\u010dianskeho z\u00e1konn\u00edka.<\/p>\n\n\n\n<p>8.7. Pred\u00e1vaj\u00faci a kupuj\u00faci sa dohodli, \u017ee plne uzn\u00e1vaj\u00fa komunik\u00e1ciu na dia\u013eku \u2013 telefonick\u00fa, faxov\u00fa (vr\u00e1tane ru\u010dne vyp\u00edsanej objedn\u00e1vky), elektronick\u00fa formu komunik\u00e1cie, najm\u00e4 prostredn\u00edctvom elektronickej po\u0161ty a internetovej siete ako platn\u00fa a z\u00e1v\u00e4zn\u00fa pre obe zmluvn\u00e9 strany.<\/p>\n\n\n\n<p>8.8. Kupuj\u00faci m\u00e1 pr\u00e1vo obr\u00e1ti\u0165 sa na pred\u00e1vaj\u00faceho so \u017eiados\u0165ou o n\u00e1pravu, ak nie je spokojn\u00fd so sp\u00f4sobom, ktor\u00fdm pred\u00e1vaj\u00faci vybavil jeho reklam\u00e1ciu alebo ak sa domnieva, \u017ee pred\u00e1vaj\u00faci poru\u0161il jeho pr\u00e1va.<\/p>\n\n\n\n<p>Ak pred\u00e1vaj\u00faci na \u017eiados\u0165 kupuj\u00faceho odpovie zamietavo alebo na \u0148u do 30 dn\u00ed odo d\u0148a jej odoslania neodpovie v\u00f4bec, kupuj\u00faci m\u00e1 pr\u00e1vo poda\u0165 n\u00e1vrh na za\u010datie alternat\u00edvneho rie\u0161enia sporu (\u010falej len \u201eARS\u201c).&nbsp;<\/p>\n\n\n\n<p>Formou ARS m\u00f4\u017eu by\u0165 rie\u0161en\u00e9 iba spory vypl\u00fdvaj\u00face zo zmluvy medzi pred\u00e1vaj\u00facim a kupuj\u00facim (spotrebite\u013eom) a spory s touto zmluvou s\u00favisiace, s v\u00fdnimkou sporov pod\u013ea ust. \u00a7 1 ods. 4 z\u00e1kona \u010d. a sporov, ktor\u00fdch hodnota neprevy\u0161uje 20 EUR. N\u00e1vrh na za\u010datie ARS sa pod\u00e1va k subjektu ARS pod\u013ea ust. \u00a7 3 citovan\u00e9ho z\u00e1kona, a to za pomoci k tomu ur\u010denej platformy alebo formul\u00e1ra, ktor\u00e9ho vzor tvor\u00ed pr\u00edlohu \u010d. 1 citovan\u00e9ho z\u00e1kona.<\/p>\n\n\n\n<p>Subjekt ARS m\u00f4\u017ee od kupuj\u00faceho po\u017eadova\u0165 \u00fahradu poplatku za za\u010datie ARS, maxim\u00e1lne v\u0161ak do v\u00fd\u0161ky 5 EUR s DPH. Ak s\u00fa na ARS pr\u00edslu\u0161n\u00e9 viacer\u00e9 subjekty, pr\u00e1vo vo\u013eby, ktor\u00e9mu z nich pod\u00e1 n\u00e1vrh, m\u00e1 kupuj\u00faci. Okrem ARS m\u00e1 spotrebite\u013e pr\u00e1vo obr\u00e1ti\u0165 sa na vecne a miestne pr\u00edslu\u0161n\u00fd v\u0161eobecn\u00fd alebo rozhodcovsk\u00fd s\u00fad.<\/p>\n","protected":false},"excerpt":{"rendered":"<p>1. V\u0160EOBECN\u00c9 USTANOVENIA Tieto v\u0161eobecn\u00e9 obchodn\u00e9 podmienky upravuj\u00fa pr\u00e1va a povinnosti ob\u010dianskeho zdru\u017eeniaSv\u00e4tojursk\u00fd vinohradn\u00edcky spolokso s\u00eddlom Ulica Dr. Kautza 11, Sv\u00e4t\u00fd Jur, 90021.I\u010cO: 31804772IBAN:\u00a0SK9509000000000181826636e-mail:\u00a0vinspolok@gmail.com\u00a0(\u010falej aj ako \u201cpred\u00e1vaj\u00faci\u201d) a kupuj\u00faceho.\u00a0 Pred\u00e1vaj\u00faci je prev\u00e1dzkovate\u013e internetov\u00e9ho obchodu&nbsp;https:\/\/www.terroir.sk\/sjvs\/.&nbsp;&nbsp;&nbsp;&nbsp;&nbsp;&nbsp;&nbsp;&nbsp;&nbsp;&nbsp;&nbsp; Kupuj\u00facim je fyzick\u00e1 alebo pr\u00e1vnick\u00e1 osoba, ktor\u00e1 sa registruje prostredn\u00edctvom internetov\u00e9ho obchodu pred\u00e1vaj\u00faceho alebo si prostredn\u00edctvom neho objedn\u00e1 tovar alebo slu\u017ebu [&hellip;]<\/p>\n","protected":false},"author":1,"featured_media":0,"parent":0,"menu_order":0,"comment_status":"closed","ping_status":"closed","template":"","meta":{"footnotes":""},"class_list":["post-2144","page","type-page","status-publish","hentry","post-preview"],"_links":{"self":[{"href":"https:\/\/www.terroir.sk\/sjvs\/wp-json\/wp\/v2\/pages\/2144","targetHints":{"allow":["GET"]}}],"collection":[{"href":"https:\/\/www.terroir.sk\/sjvs\/wp-json\/wp\/v2\/pages"}],"about":[{"href":"https:\/\/www.terroir.sk\/sjvs\/wp-json\/wp\/v2\/types\/page"}],"author":[{"embeddable":true,"href":"https:\/\/www.terroir.sk\/sjvs\/wp-json\/wp\/v2\/users\/1"}],"replies":[{"embeddable":true,"href":"https:\/\/www.terroir.sk\/sjvs\/wp-json\/wp\/v2\/comments?post=2144"}],"version-history":[{"count":2,"href":"https:\/\/www.terroir.sk\/sjvs\/wp-json\/wp\/v2\/pages\/2144\/revisions"}],"predecessor-version":[{"id":2147,"href":"https:\/\/www.terroir.sk\/sjvs\/wp-json\/wp\/v2\/pages\/2144\/revisions\/2147"}],"wp:attachment":[{"href":"https:\/\/www.terroir.sk\/sjvs\/wp-json\/wp\/v2\/media?parent=2144"}],"curies":[{"name":"wp","href":"https:\/\/api.w.org\/{rel}","templated":true}]}}