{"id":28,"date":"2011-01-11T11:41:25","date_gmt":"2011-01-11T10:41:25","guid":{"rendered":"https:\/\/www.terroir.sk\/sjvs\/\/?page_id=28"},"modified":"2025-03-02T10:57:54","modified_gmt":"2025-03-02T09:57:54","slug":"kontakt","status":"publish","type":"page","link":"https:\/\/www.terroir.sk\/sjvs\/kontakt\/","title":{"rendered":"Kontakt"},"content":{"rendered":"\n<h3 class=\"wp-block-heading\"><strong>Sv\u00e4tojursk\u00fd vinohradn\u00edcky spolok<\/strong><\/h3>\n\n\n\n<p>Predseda spolku: Michal Zeliska<br \/>mobil: 0902 730397<br \/>e-mail: michal.zeliska@gmail.com<\/p>\n\n\n\n<h4 class=\"wp-block-heading\"><strong>po\u0161tov\u00e1 a kontaktn\u00e1 adresa<\/strong><\/h4>\n\n\n\n<p>Ulica Dr. Kautza 11, Sv\u00e4t\u00fd Jur, 900 21<\/p>\n\n\n\n<p>I\u010cO: 31804772<br \/>IBAN:\u00a0SK9509000000000181826636<\/p>\n\n\n\n<p><a href=\"https:\/\/www.terroir.sk\/sjvs\/wp-content\/uploads\/2011\/03\/prihlaska_clena_spolku.pdf\">PRIHL\u00c1\u0160KA \u010cLENA SPOLKU<\/a><br \/><a href=\"https:\/\/www.terroir.sk\/sjvs\/wp-content\/uploads\/2018\/12\/SJVS-stanovy.pdf\">STANOVY SPOLKU<\/a><\/p>\n\n\n\n<p><a href=\"https:\/\/www.terroir.sk\/sjvs\/pravidla-ochrany-osobnych-udajov\/\">Pravidl\u00e1 ochrany osobn\u00fdch \u00fadajov<\/a><br \/><a href=\"https:\/\/www.terroir.sk\/sjvs\/vseobecne-obchodne-podmienky\/\">V\u0161eobecn\u00e9 obchodn\u00e9 podmienky<\/a><br \/><a href=\"https:\/\/www.terroir.sk\/sjvs\/reklamacny-poriadok\/\">Reklama\u010dn\u00fd poriadok<\/a><\/p>\n","protected":false},"excerpt":{"rendered":"<p>Sv\u00e4tojursk\u00fd vinohradn\u00edcky spolok Predseda spolku: Michal Zeliskamobil: 0902 730397e-mail: michal.zeliska@gmail.com po\u0161tov\u00e1 a kontaktn\u00e1 adresa Ulica Dr. Kautza 11, Sv\u00e4t\u00fd Jur, 900 21 I\u010cO: 31804772IBAN:\u00a0SK9509000000000181826636 PRIHL\u00c1\u0160KA \u010cLENA SPOLKUSTANOVY SPOLKU Pravidl\u00e1 ochrany osobn\u00fdch \u00fadajovV\u0161eobecn\u00e9 obchodn\u00e9 podmienkyReklama\u010dn\u00fd poriadok<\/p>\n","protected":false},"author":1,"featured_media":0,"parent":0,"menu_order":6,"comment_status":"closed","ping_status":"closed","template":"","meta":{"footnotes":""},"class_list":["post-28","page","type-page","status-publish","hentry","post-preview"],"_links":{"self":[{"href":"https:\/\/www.terroir.sk\/sjvs\/wp-json\/wp\/v2\/pages\/28","targetHints":{"allow":["GET"]}}],"collection":[{"href":"https:\/\/www.terroir.sk\/sjvs\/wp-json\/wp\/v2\/pages"}],"about":[{"href":"https:\/\/www.terroir.sk\/sjvs\/wp-json\/wp\/v2\/types\/page"}],"author":[{"embeddable":true,"href":"https:\/\/www.terroir.sk\/sjvs\/wp-json\/wp\/v2\/users\/1"}],"replies":[{"embeddable":true,"href":"https:\/\/www.terroir.sk\/sjvs\/wp-json\/wp\/v2\/comments?post=28"}],"version-history":[{"count":23,"href":"https:\/\/www.terroir.sk\/sjvs\/wp-json\/wp\/v2\/pages\/28\/revisions"}],"predecessor-version":[{"id":2484,"href":"https:\/\/www.terroir.sk\/sjvs\/wp-json\/wp\/v2\/pages\/28\/revisions\/2484"}],"wp:attachment":[{"href":"https:\/\/www.terroir.sk\/sjvs\/wp-json\/wp\/v2\/media?parent=28"}],"curies":[{"name":"wp","href":"https:\/\/api.w.org\/{rel}","templated":true}]}}