{"id":317,"date":"2011-01-24T22:33:54","date_gmt":"2011-01-24T21:33:54","guid":{"rendered":"https:\/\/www.terroir.sk\/sjvs\/\/index.php\/"},"modified":"2019-02-07T13:02:18","modified_gmt":"2019-02-07T12:02:18","slug":"hubertove-slavnosti-pri-burciaku","status":"publish","type":"page","link":"https:\/\/www.terroir.sk\/sjvs\/podujatia\/hubertove-slavnosti-pri-burciaku\/","title":{"rendered":"Hubertove sl\u00e1vnosti pri bur\u010diaku"},"content":{"rendered":"<p><img loading=\"lazy\" decoding=\"async\" class=\"alignleft size-thumbnail wp-image-1649\" src=\"https:\/\/www.terroir.sk\/sjvs\/wp-content\/uploads\/2019\/02\/DSC01827-150x150.jpg\" alt=\"\" width=\"150\" height=\"150\" \/>Hubertove sl\u00e1vnosti pri bur\u010diaku &#8211; s\u00fa\u0165a\u017e vo varen\u00ed gul\u00e1\u0161u spojen\u00e1 s ochutn\u00e1vkou bur\u010diakov sv\u00e4tojursk\u00fdch vin\u00e1rov (Prostredn\u00e1 ulica).<\/p>\n<p>Sledujte <a href=\"https:\/\/www.terroir.sk\/sjvs\" target=\"_self\">Aktuality<\/a><\/p>\n","protected":false},"excerpt":{"rendered":"<p>Hubertove sl\u00e1vnosti pri bur\u010diaku &#8211; s\u00fa\u0165a\u017e vo varen\u00ed gul\u00e1\u0161u spojen\u00e1 s ochutn\u00e1vkou bur\u010diakov sv\u00e4tojursk\u00fdch vin\u00e1rov (Prostredn\u00e1 ulica). Sledujte Aktuality<\/p>\n","protected":false},"author":1,"featured_media":0,"parent":18,"menu_order":0,"comment_status":"closed","ping_status":"closed","template":"","meta":{"footnotes":""},"class_list":["post-317","page","type-page","status-publish","hentry","post-preview"],"_links":{"self":[{"href":"https:\/\/www.terroir.sk\/sjvs\/wp-json\/wp\/v2\/pages\/317","targetHints":{"allow":["GET"]}}],"collection":[{"href":"https:\/\/www.terroir.sk\/sjvs\/wp-json\/wp\/v2\/pages"}],"about":[{"href":"https:\/\/www.terroir.sk\/sjvs\/wp-json\/wp\/v2\/types\/page"}],"author":[{"embeddable":true,"href":"https:\/\/www.terroir.sk\/sjvs\/wp-json\/wp\/v2\/users\/1"}],"replies":[{"embeddable":true,"href":"https:\/\/www.terroir.sk\/sjvs\/wp-json\/wp\/v2\/comments?post=317"}],"version-history":[{"count":4,"href":"https:\/\/www.terroir.sk\/sjvs\/wp-json\/wp\/v2\/pages\/317\/revisions"}],"predecessor-version":[{"id":1668,"href":"https:\/\/www.terroir.sk\/sjvs\/wp-json\/wp\/v2\/pages\/317\/revisions\/1668"}],"up":[{"embeddable":true,"href":"https:\/\/www.terroir.sk\/sjvs\/wp-json\/wp\/v2\/pages\/18"}],"wp:attachment":[{"href":"https:\/\/www.terroir.sk\/sjvs\/wp-json\/wp\/v2\/media?parent=317"}],"curies":[{"name":"wp","href":"https:\/\/api.w.org\/{rel}","templated":true}]}}