{"id":73,"date":"2011-01-11T12:10:57","date_gmt":"2011-01-11T12:10:57","guid":{"rendered":"https:\/\/www.terroir.sk\/sjvs\/\/?page_id=73"},"modified":"2019-02-07T13:12:36","modified_gmt":"2019-02-07T12:12:36","slug":"kralovsky-rizling","status":"publish","type":"page","link":"https:\/\/www.terroir.sk\/sjvs\/podujatia\/kralovsky-rizling\/","title":{"rendered":"Kr\u00e1\u013eovsk\u00fd rizling"},"content":{"rendered":"<p><img loading=\"lazy\" decoding=\"async\" class=\"alignleft size-thumbnail wp-image-1523\" src=\"https:\/\/www.terroir.sk\/sjvs\/wp-content\/uploads\/2018\/03\/logo_KR-150x113.jpg\" alt=\"\" width=\"150\" height=\"113\" \/>Koncom novembra 2008 sa po prv\u00fdkr\u00e1t konala v\u00fdstava Kr\u00e1\u013eovsk\u00fd rizling. S\u00fa\u0165a\u017e spojen\u00e1 s verejnou degust\u00e1ciou bola zameran\u00e1 v\u00fdhradne na odrody Rizling r\u00fdnsky, ktorej sa obzvl\u00e1\u0161\u0165 dar\u00ed aj vo sv\u00e4tojursk\u00fdch viniciach a pivniciach. Tri odborn\u00e9 komisie hodnotili rovn\u00fdch 100 s\u00fa\u0165a\u017en\u00fdch vzoriek zo slovensk\u00fdch a moravsk\u00fdch vinohradn\u00edckych oblast\u00ed. Netradi\u010dne bola rie\u0161en\u00e1 verejn\u00e1 \u010das\u0165 degust\u00e1cie. Vzorky boli rozmiestnen\u00e9 v 5 pivniciach v centre Sv\u00e4t\u00e9ho Jura, pri\u010dom v ka\u017edej boli v\u00edna in\u00e9ho ro\u010dn\u00edka.<\/p>\n<p>Tento jedine\u010dn\u00fd koncept dnes patr\u00ed aj medzi nomina\u010dn\u00e9 v\u00fdstavy N\u00e1rodn\u00e9ho sal\u00f3nu v\u00edn SR a verejn\u00e1 ochutn\u00e1vka rizlingov prebieha ka\u017edoro\u010dne vo V\u00ednnej uli\u010dke (m\u00e1j).<\/p>\n<p>Sledujte <a href=\"http:\/\/www.terroir.sk\/sjvs\" target=\"_self\">aktuality<\/a><\/p>\n","protected":false},"excerpt":{"rendered":"<p>Koncom novembra 2008 sa po prv\u00fdkr\u00e1t konala v\u00fdstava Kr\u00e1\u013eovsk\u00fd rizling. S\u00fa\u0165a\u017e spojen\u00e1 s verejnou degust\u00e1ciou bola zameran\u00e1 v\u00fdhradne na odrody Rizling r\u00fdnsky, ktorej sa obzvl\u00e1\u0161\u0165 dar\u00ed aj vo sv\u00e4tojursk\u00fdch viniciach a pivniciach. Tri odborn\u00e9 komisie hodnotili rovn\u00fdch 100 s\u00fa\u0165a\u017en\u00fdch vzoriek zo slovensk\u00fdch a moravsk\u00fdch vinohradn\u00edckych oblast\u00ed. Netradi\u010dne bola rie\u0161en\u00e1 verejn\u00e1 \u010das\u0165 degust\u00e1cie. Vzorky boli rozmiestnen\u00e9 [&hellip;]<\/p>\n","protected":false},"author":1,"featured_media":0,"parent":18,"menu_order":6,"comment_status":"closed","ping_status":"closed","template":"","meta":{"footnotes":""},"class_list":["post-73","page","type-page","status-publish","hentry","post-preview"],"_links":{"self":[{"href":"https:\/\/www.terroir.sk\/sjvs\/wp-json\/wp\/v2\/pages\/73","targetHints":{"allow":["GET"]}}],"collection":[{"href":"https:\/\/www.terroir.sk\/sjvs\/wp-json\/wp\/v2\/pages"}],"about":[{"href":"https:\/\/www.terroir.sk\/sjvs\/wp-json\/wp\/v2\/types\/page"}],"author":[{"embeddable":true,"href":"https:\/\/www.terroir.sk\/sjvs\/wp-json\/wp\/v2\/users\/1"}],"replies":[{"embeddable":true,"href":"https:\/\/www.terroir.sk\/sjvs\/wp-json\/wp\/v2\/comments?post=73"}],"version-history":[{"count":15,"href":"https:\/\/www.terroir.sk\/sjvs\/wp-json\/wp\/v2\/pages\/73\/revisions"}],"predecessor-version":[{"id":1673,"href":"https:\/\/www.terroir.sk\/sjvs\/wp-json\/wp\/v2\/pages\/73\/revisions\/1673"}],"up":[{"embeddable":true,"href":"https:\/\/www.terroir.sk\/sjvs\/wp-json\/wp\/v2\/pages\/18"}],"wp:attachment":[{"href":"https:\/\/www.terroir.sk\/sjvs\/wp-json\/wp\/v2\/media?parent=73"}],"curies":[{"name":"wp","href":"https:\/\/api.w.org\/{rel}","templated":true}]}}